{"id":30137,"date":"2025-04-17T09:00:19","date_gmt":"2025-04-17T07:00:19","guid":{"rendered":"https:\/\/dhagpo-switzerland.ch\/nedo-rinpoche-in-zurich-2023\/"},"modified":"2026-05-15T14:06:51","modified_gmt":"2026-05-15T12:06:51","slug":"jigme-rinpoche-in-switzerland-2026","status":"publish","type":"page","link":"https:\/\/dhagpo-switzerland.ch\/en\/jigme-rinpoche-in-switzerland-2026\/","title":{"rendered":"Jigme Rinpoche in Switzerland 2026"},"content":{"rendered":"<p>[et_pb_section fb_built=&#8221;1&#8243; _builder_version=&#8221;4.27.6&#8243; _module_preset=&#8221;default&#8221; background_color=&#8221;RGBA(255,255,255,0)&#8221; background_image=&#8221;https:\/\/dhagpo-switzerland.ch\/wp-content\/uploads\/2025\/05\/Header_JigmeRinpoche_EN_2025-scaled.png&#8221; background_size=&#8221;contain&#8221; min_height=&#8221;391.5px&#8221; custom_margin=&#8221;-67px||||false|false&#8221; custom_margin_tablet=&#8221;-88px||||false|false&#8221; custom_margin_phone=&#8221;-141px||||false|false&#8221; custom_margin_last_edited=&#8221;on|phone&#8221; mix_blend_mode=&#8221;luminosity&#8221; background_last_edited=&#8221;on|phone&#8221; background_size_tablet=&#8221;contain&#8221; background_size_phone=&#8221;contain&#8221; border_color_all=&#8221;#FFFFFF&#8221; border_style_all=&#8221;dashed&#8221; global_colors_info=&#8221;{}&#8221;][\/et_pb_section][et_pb_section fb_built=&#8221;1&#8243; _builder_version=&#8221;4.27.4&#8243; _module_preset=&#8221;default&#8221; min_height=&#8221;1378.3px&#8221; custom_margin=&#8221;0px||||false|false&#8221; custom_padding=&#8221;0px|0px||||&#8221; global_colors_info=&#8221;{}&#8221;][et_pb_row _builder_version=&#8221;4.27.4&#8243; _module_preset=&#8221;default&#8221; min_height=&#8221;70.8px&#8221; custom_margin=&#8221;-43px|auto||auto|false|true&#8221; custom_margin_tablet=&#8221;-43px|auto||auto|false|true&#8221; custom_margin_phone=&#8221;-139px||||false|true&#8221; custom_margin_last_edited=&#8221;on|phone&#8221; global_colors_info=&#8221;{}&#8221;][et_pb_column type=&#8221;4_4&#8243; _builder_version=&#8221;4.21.0&#8243; _module_preset=&#8221;default&#8221; global_colors_info=&#8221;{}&#8221;][et_pb_text _builder_version=&#8221;4.27.6&#8243; _module_preset=&#8221;default&#8221; text_font_size=&#8221;17px&#8221; custom_margin=&#8221;18px||||false|false&#8221; global_colors_info=&#8221;{}&#8221;]<\/p>\n<h1>TOPIC BUDDHA CHENREZIG<\/h1>\n<p>Love, Compassion and Wisdom in Everyday Life<\/p>\n<p>[\/et_pb_text][et_pb_divider _builder_version=&#8221;4.27.6&#8243; _module_preset=&#8221;default&#8221; global_colors_info=&#8221;{}&#8221;][\/et_pb_divider][et_pb_text _builder_version=&#8221;4.27.6&#8243; _module_preset=&#8221;default&#8221; text_font_size=&#8221;25px&#8221; custom_margin=&#8221;-22px||35px||false|false&#8221; custom_margin_tablet=&#8221;-19px||29px||false|false&#8221; custom_margin_phone=&#8221;-25px||||false|false&#8221; custom_margin_last_edited=&#8221;on|phone&#8221; hover_enabled=&#8221;0&#8243; global_colors_info=&#8221;{}&#8221; sticky_enabled=&#8221;0&#8243;]<\/p>\n<p>12. September 2026 &#8211; 17. September 2026<\/p>\n<p>[\/et_pb_text][et_pb_divider _builder_version=&#8221;4.27.4&#8243; _module_preset=&#8221;default&#8221; global_colors_info=&#8221;{}&#8221;][\/et_pb_divider][et_pb_text _builder_version=&#8221;4.27.6&#8243; _module_preset=&#8221;default&#8221; custom_margin=&#8221;-30px||6px||false|false&#8221; global_colors_info=&#8221;{}&#8221;]<\/p>\n<p><strong>We warmly invite you to join us for meditation and teachings with Lama Jigme Rinpoche and other Dhagpo teachers. There will be an empowerment to the 2nd Karmapa, Karma Pakshi, a prominent meditation master of the Karma Kagyu tradition, as well as to White Tara, who grants long life and offers protection from fears and dangers.  <\/strong><strong>We are also looking forward to a book reading with Lama Jigme Rinpoche.<\/strong><\/p>\n<p>Lama Jigme Rinpoche is an author and a prominent teacher of the Karma Kagyu school of Tibetan Buddhism, as well as a representative of the 17th Gyalwa Karmapa Thaye Dorje in Europe. He plays a vital role in bringing Tibetan Buddhism to the West and establishing it there. He gives Buddhist teachings and empowerments worldwide.  <\/p>\n<p>[\/et_pb_text][\/et_pb_column][\/et_pb_row][et_pb_row _builder_version=&#8221;4.27.4&#8243; _module_preset=&#8221;default&#8221; custom_margin=&#8221;-16px|auto|-173px|auto|false|false&#8221; global_colors_info=&#8221;{}&#8221;][et_pb_column type=&#8221;4_4&#8243; _builder_version=&#8221;4.27.4&#8243; _module_preset=&#8221;default&#8221; global_colors_info=&#8221;{}&#8221;][et_pb_divider _builder_version=&#8221;4.27.4&#8243; _module_preset=&#8221;default&#8221; custom_margin=&#8221;17px||||false|false&#8221; custom_padding=&#8221;|1px|||false|false&#8221; global_colors_info=&#8221;{}&#8221;][\/et_pb_divider][et_pb_text _builder_version=&#8221;4.27.4&#8243; _module_preset=&#8221;default&#8221; custom_margin=&#8221;-25px||0px||false|false&#8221; global_colors_info=&#8221;{}&#8221;]<\/p>\n<h2>PROGRAMME<\/h2>\n<p>[\/et_pb_text][\/et_pb_column][\/et_pb_row][et_pb_row _builder_version=&#8221;4.26.0&#8243; _module_preset=&#8221;default&#8221; global_colors_info=&#8221;{}&#8221;][et_pb_column type=&#8221;4_4&#8243; _builder_version=&#8221;4.21.0&#8243; _module_preset=&#8221;default&#8221; global_colors_info=&#8221;{}&#8221;][et_pb_text _builder_version=&#8221;4.27.6&#8243; _module_preset=&#8221;default&#8221; custom_margin=&#8221;35px||||false|false&#8221; global_colors_info=&#8221;{}&#8221;]<\/p>\n<h5>Saturday 12.09. and Sunday 13.09.2026 <\/h5>\n<p>Meditation, teachings and an empowerment to the 2nd Karmapa, Karma Pakshi, on Saturday, and to White Tara on Sunday.<\/p>\n<h5>Monday, 14.09.2026, from 19.00 on<\/h5>\n<p>Book reading with Lama Jigme Rinpoche: \u2018A Path of Wisdom\u2019<\/p>\n<h5>Tuesday 15.09. to Thursday 17.09.2026, from 10.00 on <\/h5>\n<p>Teachings by Lama Jigme Rinpoche on the practical application of the Dharma in daily life.<\/p>\n<h5>Tuesday 15.09. and Wednesday 16.09.2026, from 15.00 on <\/h5>\n<p>Teachings by Dhagpo Institute students. Introduction to Guru Yoga on the 2nd Karmapa, Karma Pakshi, by Lama Ch\u00f6nyi, and guided Chenrezig meditation with Lama Rabjam. <\/p>\n<h5>Tuesday evening 15.09.2026, from 19.00 on<\/h5>\n<p>Lama Jigme Rinpoche will confer the Bodhisattva vows.<\/p>\n<p>The Dharma Week can be attended over the weekend or on individual days. <\/p>\n<p>&nbsp;<\/p>\n<p>[\/et_pb_text][\/et_pb_column][\/et_pb_row][et_pb_row _builder_version=&#8221;4.26.1&#8243; _module_preset=&#8221;default&#8221; custom_margin=&#8221;-75px||||false|false&#8221; global_colors_info=&#8221;{}&#8221;][et_pb_column type=&#8221;4_4&#8243; _builder_version=&#8221;4.26.0&#8243; _module_preset=&#8221;default&#8221; global_colors_info=&#8221;{}&#8221;][et_pb_divider _builder_version=&#8221;4.27.4&#8243; _module_preset=&#8221;default&#8221; custom_margin=&#8221;0px||||false|false&#8221; custom_margin_tablet=&#8221;18px||||false|false&#8221; custom_margin_phone=&#8221;18px||||false|false&#8221; custom_margin_last_edited=&#8221;on|tablet&#8221; global_colors_info=&#8221;{}&#8221;][\/et_pb_divider][et_pb_text _builder_version=&#8221;4.27.6&#8243; _module_preset=&#8221;default&#8221; custom_margin=&#8221;-20px||||false|false&#8221; global_colors_info=&#8221;{}&#8221;]<\/p>\n<h4>LANGUAGES<\/h4>\n<p>The teachings will be in English, translated into German and French, and streamed via Zoom.<\/p>\n<p>[\/et_pb_text][et_pb_divider _builder_version=&#8221;4.26.0&#8243; _module_preset=&#8221;default&#8221; custom_margin=&#8221;21px||||false|false&#8221; global_colors_info=&#8221;{}&#8221;][\/et_pb_divider][\/et_pb_column][\/et_pb_row][et_pb_row _builder_version=&#8221;4.27.6&#8243; _module_preset=&#8221;default&#8221; global_colors_info=&#8221;{}&#8221;][et_pb_column type=&#8221;4_4&#8243; _builder_version=&#8221;4.27.6&#8243; _module_preset=&#8221;default&#8221; global_colors_info=&#8221;{}&#8221;][et_pb_icon font_icon=&#8221;&#x6c;||divi||400&#8243; icon_width=&#8221;49px&#8221; _builder_version=&#8221;4.27.6&#8243; _module_preset=&#8221;default&#8221; global_colors_info=&#8221;{}&#8221;][\/et_pb_icon][et_pb_text _builder_version=&#8221;4.27.6&#8243; _module_preset=&#8221;default&#8221; global_colors_info=&#8221;{}&#8221;]<\/p>\n<h4 style=\"text-align: center;\"><\/h4>\n<h4 style=\"text-align: center;\">Registrationstart: Ch\u00f6khor D\u00fcchen, 18. July 2026<\/h4>\n<p>[\/et_pb_text][et_pb_divider _builder_version=&#8221;4.27.6&#8243; _module_preset=&#8221;default&#8221; custom_margin=&#8221;||9px||false|false&#8221; global_colors_info=&#8221;{}&#8221;][\/et_pb_divider][\/et_pb_column][\/et_pb_row][et_pb_row column_structure=&#8221;1_3,1_3,1_3&#8243; _builder_version=&#8221;4.27.4&#8243; _module_preset=&#8221;default&#8221; global_colors_info=&#8221;{}&#8221;][et_pb_column type=&#8221;1_3&#8243; _builder_version=&#8221;4.27.4&#8243; _module_preset=&#8221;default&#8221; global_colors_info=&#8221;{}&#8221;][et_pb_blurb title=&#8221;Location of the event&#8221; use_icon=&#8221;on&#8221; font_icon=&#8221;&#xe01f;||divi||400&#8243; image_icon_width=&#8221;50px&#8221; _builder_version=&#8221;4.27.4&#8243; _module_preset=&#8221;default&#8221; custom_padding=&#8221;|||48px|false|false&#8221; custom_padding_tablet=&#8221;|||48px|false|false&#8221; custom_padding_phone=&#8221;|||0px|false|false&#8221; custom_padding_last_edited=&#8221;on|phone&#8221; animation=&#8221;off&#8221; border_radii_tablet=&#8221;&#8221; border_radii_phone=&#8221;&#8221; border_radii_last_edited=&#8221;on|phone&#8221; global_colors_info=&#8221;{}&#8221;]<\/p>\n<p><strong><\/strong><a href=\"https:\/\/goo.gl\/maps\/svKuaGuavbUYG2cw9\">Gemeindesaal M\u00e4nnedorf<\/a><\/p>\n<p>Alte Landstrasse 250, CH-8708 M\u00e4nnedorf.<br \/>Above the station (by public transport: S7 from Zurich main station).<\/p>\n<p>The event will take place from Tuesday to Thursday in the small hall (in the same building).<\/p>\n<p>We recommend travelling by public transport. Parking around the venue is not free of charge. <br \/><a href=\"https:\/\/www.parking.ch\/de\/parkings\/maennedorf\/p-und-rail-maennedorf\" target=\"_blank\" rel=\"noopener\">P+Rail M\u00e4nnedorf, M\u00e4nnedorf<\/a><\/p>\n<p>[\/et_pb_blurb][\/et_pb_column][et_pb_column type=&#8221;1_3&#8243; _builder_version=&#8221;4.27.4&#8243; _module_preset=&#8221;default&#8221; global_colors_info=&#8221;{}&#8221;][et_pb_blurb title=&#8221;Accommodation&#8221; use_icon=&#8221;on&#8221; font_icon=&#8221;&#xe009;||divi||400&#8243; image_icon_width=&#8221;50px&#8221; _builder_version=&#8221;4.27.4&#8243; _module_preset=&#8221;default&#8221; animation=&#8221;off&#8221; global_colors_info=&#8221;{}&#8221;]<\/p>\n<p>Please organise this on an individual basis. We recommend that those interested book relatively soon, as it is the peak season. <\/p>\n<p><strong>Budget-friendly suggestions:<\/strong><\/p>\n<ul>\n<li><a shash=\"uyNjPX9CR890QOTFoRs6ncOJy\/ac9ThYpXYtJ7YWRbWBhH840X\/nApsF4IZr86bv+QUpCL3QCqF+7dYJjf6Jl4ez7ABzXvyj8xSy+xVDGhO7B6ery9\/jOF\/RinhnrFE3H96z0Pu7PearUVFpB3c1eiHom0omNJb2YDXvygknUQQ=\" originalsrc=\"https:\/\/www.youthhostel.ch\/de\/hostels\/jugendherberge-rapperswil-jona\" data-auth=\"Verified\" rel=\"noopener noreferrer\" target=\"_blank\" href=\"https:\/\/emea01.safelinks.protection.outlook.com\/?url=https%3A%2F%2Fwww.youthhostel.ch%2Fde%2Fhostels%2Fjugendherberge-rapperswil-jona&amp;data=05%7C02%7C%7Cb36d9d513e4f44ee451308dca31f2573%7C84df9e7fe9f640afb435aaaaaaaaaaaa%7C1%7C0%7C638564601381700782%7CUnknown%7CTWFpbGZsb3d8eyJWIjoiMC4wLjAwMDAiLCJQIjoiV2luMzIiLCJBTiI6Ik1haWwiLCJXVCI6Mn0%3D%7C0%7C%7C%7C&amp;sdata=gLeq%2BfCiimGcn9xLf4d%2B2IyrSmfdN70mK2fV4oo9qRI%3D&amp;reserved=0\" title=\"Durch Outlook gesch\u00fctzt: https:\/\/www.youthhostel.ch\/de\/hostels\/jugendherberge-rapperswil-jona. Click or tap to follow the link.\" data-linkindex=\"1\">Youth Hostel Rapperswil-Jona<\/a><\/li>\n<li><a shash=\"EFo8Pgln7k1UpB0ewE4oBn3puCMrn10AShuswy0rEW2mWu1U9b\/q8ZCyhrYl66ffo0fkkaLACJb9bci+R8f2MznijnpBgjZbW+Zb+4Vtc42IWCzwC57gFNTbC5\/D\/F6UMWKCKZrBUKq+fB54uyCvwXpE2w8CB69uz8cBCMSUA9w=\" originalsrc=\"https:\/\/www.youthhostel.ch\/de\/hostels\/jugendherberge-zuerich\" data-auth=\"Verified\" rel=\"noopener noreferrer\" target=\"_blank\" href=\"https:\/\/emea01.safelinks.protection.outlook.com\/?url=https%3A%2F%2Fwww.youthhostel.ch%2Fde%2Fhostels%2Fjugendherberge-zuerich&amp;data=05%7C02%7C%7Cb36d9d513e4f44ee451308dca31f2573%7C84df9e7fe9f640afb435aaaaaaaaaaaa%7C1%7C0%7C638564601381713394%7CUnknown%7CTWFpbGZsb3d8eyJWIjoiMC4wLjAwMDAiLCJQIjoiV2luMzIiLCJBTiI6Ik1haWwiLCJXVCI6Mn0%3D%7C0%7C%7C%7C&amp;sdata=LQ0zxeqGXNqd%2B7ltJ2U8joI8etSuE6o4Oj8Oef6t5Zk%3D&amp;reserved=0\" title=\"Durch Outlook gesch\u00fctzt: https:\/\/www.youthhostel.ch\/de\/hostels\/jugendherberge-zuerich. Click or tap to follow the link.\" data-linkindex=\"2\">Youth Hostel Z\u00fcrich<\/a><\/li>\n<li>Das <a href=\"https:\/\/pfadiheime.ch\/de\/cottages\/128-pfadiheim-olymp-stafa\" target=\"_blank\" rel=\"noopener\">Pfadiheim Olymp<\/a> in St\u00e4fa (34 Betten, in zwei Schlafr\u00e4umen, 15 CHF pro Nacht\/Person) haben wir f\u00fcr die Woche f\u00fcr euch reserviert. F\u00fcr 10 CHF pro Nacht\/Person kann man auch zelten. <\/li>\n<\/ul>\n<p>For reservations\/queries, please contact us via<br \/>E-Mail to:<a href=\"mailto:info@dhagpo-switzerland.ch\" target=\"_blank\" rel=\"noopener\"> info@dhagpo-switzerland.ch<\/a><\/p>\n<p><a href=\"mailto:juriwald@protonmail.com\" target=\"_blank\" rel=\"noopener\"><\/a><\/p>\n<p>[\/et_pb_blurb][\/et_pb_column][et_pb_column type=&#8221;1_3&#8243; _builder_version=&#8221;4.27.4&#8243; _module_preset=&#8221;default&#8221; global_colors_info=&#8221;{}&#8221;][et_pb_blurb title=&#8221;Bring with you&#8221; use_icon=&#8221;on&#8221; font_icon=&#8221;&#x5a;||divi||400&#8243; image_icon_width=&#8221;50px&#8221; _builder_version=&#8221;4.25.2&#8243; _module_preset=&#8221;default&#8221; animation=&#8221;off&#8221; global_colors_info=&#8221;{}&#8221;]<\/p>\n<ul>\n<li>Enrolment confirmation: This will be sent by email once payment has been received (this may take around a week). Upon presentation of the enrolment confirmation on the day, you will be issued with a wristband for entry. <\/li>\n<li>Headphones and mobile devices on whic<a href=\"https:\/\/zoom.us\/de\/signin#\/login\" target=\"_blank\" rel=\"noopener\">h Zoom<\/a> is installed.<\/li>\n<li>Texts for practice: Chenrezig Sadhana (these texts can also be borrowed on site)<\/li>\n<li>Your own water bottle and\/or cup (to reduce waste)<\/li>\n<li>Money for donations (Dana) for Jigme Rinpoche and project support<\/li>\n<\/ul>\n<p>[\/et_pb_blurb][\/et_pb_column][\/et_pb_row][\/et_pb_section]<\/p>\n","protected":false},"excerpt":{"rendered":"<p>TOPIC BUDDHA CHENREZIG Love, Compassion and Wisdom in Everyday Life12. September 2026 &#8211; 17. September 2026We warmly invite you to join us for meditation and teachings with Lama Jigme Rinpoche and other Dhagpo teachers. There will be an empowerment to the 2nd Karmapa, Karma Pakshi, a prominent meditation master of the Karma Kagyu tradition, as [&hellip;]<\/p>\n","protected":false},"author":1,"featured_media":0,"parent":0,"menu_order":0,"comment_status":"closed","ping_status":"closed","template":"","meta":{"_et_pb_use_builder":"on","_et_pb_old_content":"","_et_gb_content_width":"","footnotes":""},"class_list":["post-30137","page","type-page","status-publish","hentry"],"_links":{"self":[{"href":"https:\/\/dhagpo-switzerland.ch\/en\/wp-json\/wp\/v2\/pages\/30137","targetHints":{"allow":["GET"]}}],"collection":[{"href":"https:\/\/dhagpo-switzerland.ch\/en\/wp-json\/wp\/v2\/pages"}],"about":[{"href":"https:\/\/dhagpo-switzerland.ch\/en\/wp-json\/wp\/v2\/types\/page"}],"author":[{"embeddable":true,"href":"https:\/\/dhagpo-switzerland.ch\/en\/wp-json\/wp\/v2\/users\/1"}],"replies":[{"embeddable":true,"href":"https:\/\/dhagpo-switzerland.ch\/en\/wp-json\/wp\/v2\/comments?post=30137"}],"version-history":[{"count":202,"href":"https:\/\/dhagpo-switzerland.ch\/en\/wp-json\/wp\/v2\/pages\/30137\/revisions"}],"predecessor-version":[{"id":38304,"href":"https:\/\/dhagpo-switzerland.ch\/en\/wp-json\/wp\/v2\/pages\/30137\/revisions\/38304"}],"wp:attachment":[{"href":"https:\/\/dhagpo-switzerland.ch\/en\/wp-json\/wp\/v2\/media?parent=30137"}],"curies":[{"name":"wp","href":"https:\/\/api.w.org\/{rel}","templated":true}]}}