{"id":30150,"date":"2023-06-08T12:00:11","date_gmt":"2023-06-08T10:00:11","guid":{"rendered":"https:\/\/dhagpo-switzerland.ch\/accueil\/"},"modified":"2026-03-07T10:48:42","modified_gmt":"2026-03-07T09:48:42","slug":"accueil","status":"publish","type":"page","link":"https:\/\/dhagpo-switzerland.ch\/fr\/","title":{"rendered":"Accueil"},"content":{"rendered":"<p>[et_pb_section fb_built=\u00a0\u00bb1&Prime; _builder_version=\u00a0\u00bb4.21.0&Prime; _module_preset=\u00a0\u00bbdefault\u00a0\u00bb background_color=\u00a0\u00bbRGBA(255,255,255,0)\u00a0\u00bb background_image=\u00a0\u00bbhttps:\/\/dhagpo-switzerland.ch\/wp-content\/uploads\/2023\/05\/IMG_5008-scaled.jpg\u00a0\u00bb min_height=\u00a0\u00bb391.5px\u00a0\u00bb custom_padding=\u00a0\u00bb||92px|||\u00a0\u00bb mix_blend_mode=\u00a0\u00bbluminosity\u00a0\u00bb border_color_all=\u00a0\u00bb#FFFFFF\u00a0\u00bb border_style_all=\u00a0\u00bbdashed\u00a0\u00bb global_colors_info=\u00a0\u00bb{}\u00a0\u00bb][\/et_pb_section][et_pb_section fb_built=\u00a0\u00bb1&Prime; _builder_version=\u00a0\u00bb4.20.4&Prime; _module_preset=\u00a0\u00bbdefault\u00a0\u00bb width=\u00a0\u00bb100%\u00a0\u00bb min_height=\u00a0\u00bb1395.3px\u00a0\u00bb custom_padding=\u00a0\u00bb|17px||||\u00a0\u00bb global_colors_info=\u00a0\u00bb{}\u00a0\u00bb][et_pb_row _builder_version=\u00a0\u00bb4.27.4&Prime; _module_preset=\u00a0\u00bbdefault\u00a0\u00bb custom_margin=\u00a0\u00bb-10px|auto|-124px|auto|false|false\u00a0\u00bb global_colors_info=\u00a0\u00bb{}\u00a0\u00bb][et_pb_column type=\u00a0\u00bb4_4&Prime; _builder_version=\u00a0\u00bb4.20.4&Prime; _module_preset=\u00a0\u00bbdefault\u00a0\u00bb global_colors_info=\u00a0\u00bb{}\u00a0\u00bb][et_pb_text _builder_version=\u00a0\u00bb4.27.4&Prime; _module_preset=\u00a0\u00bbdefault\u00a0\u00bb text_text_color=\u00a0\u00bb#e00025&Prime; header_font=\u00a0\u00bbRoboto Slab|300|||||||\u00a0\u00bb header_text_color=\u00a0\u00bbgcid-461bc461-d677-4144-a9c1-9e26c2dfbb87&Prime; header_font_size=\u00a0\u00bb36px\u00a0\u00bb custom_margin=\u00a0\u00bb23px||35px||false|false\u00a0\u00bb global_colors_info=\u00a0\u00bb{%22gcid-461bc461-d677-4144-a9c1-9e26c2dfbb87%22:%91%22header_text_color%22%93}\u00a0\u00bb]<\/p>\n<h1>Bienvenue chez Dhagpo Switzerland<\/h1>\n<p>[\/et_pb_text][\/et_pb_column][\/et_pb_row][et_pb_row _builder_version=\u00a0\u00bb4.21.0&Prime; _module_preset=\u00a0\u00bbdefault\u00a0\u00bb min_height=\u00a0\u00bb185.8px\u00a0\u00bb custom_margin=\u00a0\u00bb-26px|auto|-20px|auto||\u00a0\u00bb custom_padding=\u00a0\u00bb||13px|||\u00a0\u00bb global_colors_info=\u00a0\u00bb{}\u00a0\u00bb][et_pb_column type=\u00a0\u00bb4_4&Prime; _builder_version=\u00a0\u00bb4.21.0&Prime; _module_preset=\u00a0\u00bbdefault\u00a0\u00bb global_colors_info=\u00a0\u00bb{}\u00a0\u00bb][et_pb_divider _builder_version=\u00a0\u00bb4.27.4&Prime; _module_preset=\u00a0\u00bbdefault\u00a0\u00bb custom_margin=\u00a0\u00bb-7px||||false|false\u00a0\u00bb global_colors_info=\u00a0\u00bb{}\u00a0\u00bb][\/et_pb_divider][et_pb_text _builder_version=\u00a0\u00bb4.21.0&Prime; _module_preset=\u00a0\u00bbdefault\u00a0\u00bb custom_margin=\u00a0\u00bb||||false|false\u00a0\u00bb custom_margin_tablet=\u00a0\u00bb-19px||-16px||false|false\u00a0\u00bb custom_margin_phone=\u00a0\u00bb-25px||-20px||false|false\u00a0\u00bb custom_margin_last_edited=\u00a0\u00bbon|phone\u00a0\u00bb custom_padding=\u00a0\u00bb0%||0%||true|false\u00a0\u00bb global_colors_info=\u00a0\u00bb{}\u00a0\u00bb]<\/p>\n<div class=\"et_pb_with_border et_pb_module et_pb_text et_pb_text_2 et_pb_text_align_left et_pb_bg_layout_light\">\n<div class=\"et_pb_text_inner\">\n<p class=\"p1\" style=\"text-align: center;\"><em>\u00ab <span style=\"font-size: large; color: #000000;\">La paix est le fruit de la compassion et de la sagesse. Le simple fait de g\u00e9n\u00e9rer de la compassion et de la sagesse pour les autres nous permet d&rsquo;apporter une grande paix \u00e0 nous-m\u00eames et, par cons\u00e9quent, \u00e0 tous ceux qui nous entourent.<\/span>\u00bb<\/em><span style=\"color: #ab0032; font-family: 'Roboto Slab', Georgia, 'Times New Roman', serif; font-size: 18px;\"><\/span><\/p>\n<p class=\"p1\" style=\"text-align: center;\"><em><\/em><\/p>\n<h4 class=\"p1\" style=\"text-align: center;\"><span style=\"color: #ab0032; font-family: 'Roboto Slab', Georgia, 'Times New Roman', serif; font-size: 18px;\">\u2013 17. Karmapa Thaye Dorje<\/span><span style=\"color: #ab0032; font-family: 'Roboto Slab', Georgia, 'Times New Roman', serif; font-size: 18px;\">\u2013 <\/span> <\/h4>\n<\/div>\n<\/div>\n<p>[\/et_pb_text][\/et_pb_column][\/et_pb_row][et_pb_row _builder_version=\u00a0\u00bb4.21.0&Prime; _module_preset=\u00a0\u00bbdefault\u00a0\u00bb min_height=\u00a0\u00bb50.8px\u00a0\u00bb custom_padding=\u00a0\u00bb||0px||false|false\u00a0\u00bb global_colors_info=\u00a0\u00bb{}\u00a0\u00bb][et_pb_column type=\u00a0\u00bb4_4&Prime; _builder_version=\u00a0\u00bb4.21.0&Prime; _module_preset=\u00a0\u00bbdefault\u00a0\u00bb global_colors_info=\u00a0\u00bb{}\u00a0\u00bb][et_pb_divider _builder_version=\u00a0\u00bb4.21.0&Prime; _module_preset=\u00a0\u00bbdefault\u00a0\u00bb global_colors_info=\u00a0\u00bb{}\u00a0\u00bb][\/et_pb_divider][\/et_pb_column][\/et_pb_row][et_pb_row column_structure=\u00a0\u00bb1_2,1_2&Prime; _builder_version=\u00a0\u00bb4.21.0&Prime; _module_preset=\u00a0\u00bbdefault\u00a0\u00bb min_height=\u00a0\u00bb508.8px\u00a0\u00bb custom_margin_tablet=\u00a0\u00bb\u00a0\u00bb custom_margin_phone=\u00a0\u00bb-20px||||false|false\u00a0\u00bb custom_margin_last_edited=\u00a0\u00bbon|phone\u00a0\u00bb custom_padding=\u00a0\u00bb||2px|1px|false|false\u00a0\u00bb global_colors_info=\u00a0\u00bb{}\u00a0\u00bb][et_pb_column type=\u00a0\u00bb1_2&Prime; _builder_version=\u00a0\u00bb4.20.2&Prime; _module_preset=\u00a0\u00bbdefault\u00a0\u00bb global_colors_info=\u00a0\u00bb{}\u00a0\u00bb][et_pb_image src=\u00a0\u00bbhttps:\/\/dhagpo-switzerland.ch\/wp-content\/uploads\/2023\/07\/Karmapa-JRNeu1.jpg\u00a0\u00bb title_text=\u00a0\u00bbKarmapa-JRNeu(1)\u00a0\u00bb _builder_version=\u00a0\u00bb4.21.0&Prime; _module_preset=\u00a0\u00bbdefault\u00a0\u00bb global_colors_info=\u00a0\u00bb{}\u00a0\u00bb][\/et_pb_image][et_pb_text _builder_version=\u00a0\u00bb4.27.6&Prime; _module_preset=\u00a0\u00bbdefault\u00a0\u00bb custom_margin=\u00a0\u00bb-12px||||false|false\u00a0\u00bb hover_enabled=\u00a0\u00bb0&Prime; global_colors_info=\u00a0\u00bb{}\u00a0\u00bb sticky_enabled=\u00a0\u00bb0&Prime;]<\/p>\n<p><strong><em>Un r\u00e9seau de gouttes d&rsquo;eau dans l&rsquo;oc\u00e9an<\/em><\/strong><\/p>\n<p>[\/et_pb_text][\/et_pb_column][et_pb_column type=\u00a0\u00bb1_2&Prime; _builder_version=\u00a0\u00bb4.20.2&Prime; _module_preset=\u00a0\u00bbdefault\u00a0\u00bb global_colors_info=\u00a0\u00bb{}\u00a0\u00bb][et_pb_text _builder_version=\u00a0\u00bb4.27.4&Prime; _module_preset=\u00a0\u00bb_initial\u00a0\u00bb custom_margin=\u00a0\u00bb||23px|||\u00a0\u00bb global_colors_info=\u00a0\u00bb{}\u00a0\u00bb]<\/p>\n<p>Dhagpo Switzerland est une association constitu\u00e9e le 14 novembre 2021. Elle se consid\u00e8re comme un network de pratiquants du dharma, qui se sent en lien de soutien avec d&rsquo;autres organisations et centres du dharma.<\/p>\n<p>\u00ab\u00a0Dhagpo\u00a0\u00bb est un terme tib\u00e9tain qui fait r\u00e9f\u00e9rence \u00e0 une r\u00e9gion du sud du Tibet d&rsquo;o\u00f9 est originaire l&rsquo;un des anc\u00eatres de la lign\u00e9e Kagyu, Gampopa (1079-1153). <o:p><\/o:p>La lign\u00e9e Kagyu est l&rsquo;une des quatre grandes lign\u00e9es principales du bouddhisme tib\u00e9tain.<o:p><\/o:p><o:p><\/o:p><\/p>\n<p style=\"margin: 0cm; vertical-align: baseline;\">Pour en savoir plus: <a href=\"https:\/\/www.karmapa.org\" target=\"_blank\" rel=\"noopener\">www.karmapa.org<\/a><\/p>\n<p>Thay\u00e9 Dorj\u00e9, Sa Saintet\u00e9 le XVIIe Gyalwa Karmapa, a d\u00e9sign\u00e9 Jigm\u00e9 Rinpoch\u00e9 comme secr\u00e9taire g\u00e9n\u00e9ral en charge de l\u2019administration internationale de la lign\u00e9e karma kagy\u00fc. Dhagpo Switzerland est sous sa guidance spirituelle. <o:p><\/o:p><\/p>\n<p>Pour en savoir plus: <a href=\"https:\/\/jigmerinpoche.org\/\" target=\"_blank\" rel=\"noopener\">https:\/\/jigmerinpoche.org\/fr\/<\/a><o:p><\/o:p><o:p><\/o:p><\/p>\n<p>Le<a href=\"https:\/\/dhagpo-switzerland.ch\/wp-content\/uploads\/2025\/03\/Statuten-Fassung-2-D_231208.pdf\" target=\"_blank\" rel=\"noopener\"> pr\u00e9ambule\/les statuts<\/a> de l&rsquo;association <span data-olk-copy-source=\"MessageBody\">DHAGPO SWITZERLAND<\/span><\/p>\n<p><o:p> <\/o:p><\/p>\n<p>[\/et_pb_text][\/et_pb_column][\/et_pb_row][et_pb_row _builder_version=\u00a0\u00bb4.21.0&Prime; _module_preset=\u00a0\u00bbdefault\u00a0\u00bb custom_margin=\u00a0\u00bb-64px||-66px||false|false\u00a0\u00bb global_colors_info=\u00a0\u00bb{}\u00a0\u00bb][et_pb_column type=\u00a0\u00bb4_4&Prime; _builder_version=\u00a0\u00bb4.21.0&Prime; _module_preset=\u00a0\u00bbdefault\u00a0\u00bb global_colors_info=\u00a0\u00bb{}\u00a0\u00bb][et_pb_divider _builder_version=\u00a0\u00bb4.27.6&Prime; _module_preset=\u00a0\u00bbdefault\u00a0\u00bb custom_margin=\u00a0\u00bb14px||||false|false\u00a0\u00bb custom_margin_tablet=\u00a0\u00bb\u00a0\u00bb custom_margin_phone=\u00a0\u00bb0px||-11px||false|false\u00a0\u00bb custom_margin_last_edited=\u00a0\u00bbon|phone\u00a0\u00bb hover_enabled=\u00a0\u00bb0&Prime; global_colors_info=\u00a0\u00bb{}\u00a0\u00bb sticky_enabled=\u00a0\u00bb0&Prime;][\/et_pb_divider][\/et_pb_column][\/et_pb_row][et_pb_row _builder_version=\u00a0\u00bb4.27.4&Prime; _module_preset=\u00a0\u00bbdefault\u00a0\u00bb custom_margin=\u00a0\u00bb188px|auto|-58px|auto|false|false\u00a0\u00bb custom_margin_tablet=\u00a0\u00bb-16px|auto|-13px|auto|false|false\u00a0\u00bb custom_margin_phone=\u00a0\u00bb||24px||false|false\u00a0\u00bb custom_margin_last_edited=\u00a0\u00bbon|tablet\u00a0\u00bb global_colors_info=\u00a0\u00bb{}\u00a0\u00bb][et_pb_column type=\u00a0\u00bb4_4&Prime; _builder_version=\u00a0\u00bb4.21.0&Prime; _module_preset=\u00a0\u00bbdefault\u00a0\u00bb global_colors_info=\u00a0\u00bb{}\u00a0\u00bb][et_pb_text _builder_version=\u00a0\u00bb4.27.4&Prime; _module_preset=\u00a0\u00bb6e9e1231-e426-41cb-a1d7-fb4d471b963c\u00a0\u00bb custom_margin=\u00a0\u00bb-119px||||false|false\u00a0\u00bb custom_margin_tablet=\u00a0\u00bb-4px||||false|false\u00a0\u00bb custom_margin_phone=\u00a0\u00bb-4px||||false|false\u00a0\u00bb custom_margin_last_edited=\u00a0\u00bbon|tablet\u00a0\u00bb global_colors_info=\u00a0\u00bb{}\u00a0\u00bb]<\/p>\n<h2>Newsletter<\/h2>\n<p>[\/et_pb_text][et_pb_text _builder_version=\u00a0\u00bb4.23.4&Prime; _module_preset=\u00a0\u00bbdefault\u00a0\u00bb custom_margin=\u00a0\u00bb-37px||||false|false\u00a0\u00bb custom_padding=\u00a0\u00bb20px||||false|false\u00a0\u00bb global_colors_info=\u00a0\u00bb{}\u00a0\u00bb]<\/p>\n<div style=\"vertical-align: baseline; margin: 0; padding: 0; border-width: 0; outline: 0px; box-sizing: border-box;\">Vous souhaitez \u00eatre inform\u00e9s de nos activit\u00e9s? Inscrivez-vous \u00e0 la newsletter de Dhagpo Switzerland <a href=\"mailto:info@dhagpo-switzerland.ch\" rel=\"noopener\" data-linkindex=\"2\">info<\/a><a href=\"mailto:@dhagpo-switzerland.ch\" target=\"_blank\" rel=\"noopener\">@dhagpo-switzerland.ch<\/a><span style=\"color: black;\"><span style=\"font-family: Open Sans,Arial,sans-serif;\"><span style=\"font-size: 14px;\"><br aria-hidden=\"true\"><\/span><\/span><\/span><\/div>\n<div style=\"vertical-align: baseline; margin: 0; padding: 0; border-width: 0; outline: 0px; box-sizing: border-box;\" aria-hidden=\"true\"><\/div>\n<p>[\/et_pb_text][et_pb_divider _builder_version=\u00a0\u00bb4.23.4&Prime; _module_preset=\u00a0\u00bbdefault\u00a0\u00bb global_colors_info=\u00a0\u00bb{}\u00a0\u00bb][\/et_pb_divider][et_pb_text _builder_version=\u00a0\u00bb4.27.4&Prime; _module_preset=\u00a0\u00bb6e9e1231-e426-41cb-a1d7-fb4d471b963c\u00a0\u00bb custom_margin=\u00a0\u00bb-25px||15px||false|false\u00a0\u00bb global_colors_info=\u00a0\u00bb{}\u00a0\u00bb]<\/p>\n<h2>Adh\u00e9sion \u00e0<\/h2>\n<p>Soyez les bienvenus! Nous serions tr\u00e8s reconnaissants si vous souhaitiez devenir membre de l&rsquo;association Dhagpo Switzerland. Vous pouvez exprimer votre int\u00e9r\u00eat \u00e0 devenir membre en envoyant un e-mail \u00e0 <span style=\"font-size: small;\"><span style=\"font-size: 11pt;\"><a href=\"mailto:info@dhagp\">info<\/a><a href=\"mailto:info@dhagpo-switzerland.ch\" target=\"_blank\" rel=\"noopener\" title=\"info@dhagpo-switzerland.ch\">@dhagpo-switzerland.ch<\/a><\/span><\/span> et en nous faisant parvenir le formulaire d&rsquo;adh\u00e9sion d\u00fbment rempli. D\u00e8s que vous nous aurez envoy\u00e9 votre formulaire d&rsquo;adh\u00e9sion et que vous serez admis dans l&rsquo;association, nous vous facturerons la cotisation. Merci de ne pas payer avant.  <em><span style=\"color: #800000;\"><\/span><\/em><\/p>\n<p><strong>Type de soutien<\/strong><\/p>\n<p>Membre b\u00e9n\u00e9ficiaire avec droit de vote: 150 CHF ou plus<br \/>Membre actif avec droit de vote: 50 CHF ou plus<br \/>Membre de soutien sans droit de vote: montant choisi par le membre lui-m\u00eame<\/p>\n<p>Download Bulletin d&rsquo;adh\u00e9sion <a href=\"https:\/\/dhagpo-switzerland.ch\/wp-content\/uploads\/2024\/12\/BeitrittsformularFrz.pdf\" target=\"_blank\" rel=\"noopener\">ici<\/a><\/p>\n<p>[\/et_pb_text][\/et_pb_column][\/et_pb_row][\/et_pb_section]<\/p>\n","protected":false},"excerpt":{"rendered":"<p>Bienvenue chez Dhagpo Switzerland \u00ab La paix est le fruit de la compassion et de la sagesse. Le simple fait de g\u00e9n\u00e9rer de la compassion et de la sagesse pour les autres nous permet d&rsquo;apporter une grande paix \u00e0 nous-m\u00eames et, par cons\u00e9quent, \u00e0 tous ceux qui nous entourent.\u00bb \u2013 17. Karmapa Thaye Dorje\u2013 Un [&hellip;]<\/p>\n","protected":false},"author":1,"featured_media":0,"parent":0,"menu_order":0,"comment_status":"closed","ping_status":"closed","template":"","meta":{"_et_pb_use_builder":"on","_et_pb_old_content":"","_et_gb_content_width":"","footnotes":""},"class_list":["post-30150","page","type-page","status-publish","hentry"],"_links":{"self":[{"href":"https:\/\/dhagpo-switzerland.ch\/fr\/wp-json\/wp\/v2\/pages\/30150","targetHints":{"allow":["GET"]}}],"collection":[{"href":"https:\/\/dhagpo-switzerland.ch\/fr\/wp-json\/wp\/v2\/pages"}],"about":[{"href":"https:\/\/dhagpo-switzerland.ch\/fr\/wp-json\/wp\/v2\/types\/page"}],"author":[{"embeddable":true,"href":"https:\/\/dhagpo-switzerland.ch\/fr\/wp-json\/wp\/v2\/users\/1"}],"replies":[{"embeddable":true,"href":"https:\/\/dhagpo-switzerland.ch\/fr\/wp-json\/wp\/v2\/comments?post=30150"}],"version-history":[{"count":76,"href":"https:\/\/dhagpo-switzerland.ch\/fr\/wp-json\/wp\/v2\/pages\/30150\/revisions"}],"predecessor-version":[{"id":38031,"href":"https:\/\/dhagpo-switzerland.ch\/fr\/wp-json\/wp\/v2\/pages\/30150\/revisions\/38031"}],"wp:attachment":[{"href":"https:\/\/dhagpo-switzerland.ch\/fr\/wp-json\/wp\/v2\/media?parent=30150"}],"curies":[{"name":"wp","href":"https:\/\/api.w.org\/{rel}","templated":true}]}}