{"id":30704,"date":"2023-06-08T12:00:51","date_gmt":"2023-06-08T10:00:51","guid":{"rendered":"https:\/\/dhagpo-switzerland.ch\/karmapa-2023\/"},"modified":"2026-04-09T17:42:52","modified_gmt":"2026-04-09T15:42:52","slug":"karmapa-2023","status":"publish","type":"page","link":"https:\/\/dhagpo-switzerland.ch\/fr\/karmapa-2023\/","title":{"rendered":"Karmapa Thaye Dorje"},"content":{"rendered":"<p>[et_pb_section fb_built=\u00a0\u00bb1&Prime; _builder_version=\u00a0\u00bb4.21.0&Prime; _module_preset=\u00a0\u00bbdefault\u00a0\u00bb min_height=\u00a0\u00bb141px\u00a0\u00bb custom_padding=\u00a0\u00bb|0px|8px|||\u00a0\u00bb global_colors_info=\u00a0\u00bb{}\u00a0\u00bb][et_pb_row _builder_version=\u00a0\u00bb4.27.4&Prime; _module_preset=\u00a0\u00bbdefault\u00a0\u00bb min_height=\u00a0\u00bb0px\u00a0\u00bb custom_margin=\u00a0\u00bb||-23px||false|false\u00a0\u00bb custom_margin_tablet=\u00a0\u00bb||-23px||false|false\u00a0\u00bb custom_margin_phone=\u00a0\u00bb15px||||false|false\u00a0\u00bb custom_margin_last_edited=\u00a0\u00bbon|phone\u00a0\u00bb global_colors_info=\u00a0\u00bb{}\u00a0\u00bb][et_pb_column type=\u00a0\u00bb4_4&Prime; _builder_version=\u00a0\u00bb4.21.0&Prime; _module_preset=\u00a0\u00bbdefault\u00a0\u00bb global_colors_info=\u00a0\u00bb{}\u00a0\u00bb][et_pb_text _builder_version=\u00a0\u00bb4.23&Prime; _module_preset=\u00a0\u00bb6e9e1231-e426-41cb-a1d7-fb4d471b963c\u00a0\u00bb global_colors_info=\u00a0\u00bb{}\u00a0\u00bb]<\/p>\n<h2>Les activit\u00e9s de Karmapa Thaye Dorje<\/h2>\n<p>[\/et_pb_text][\/et_pb_column][\/et_pb_row][\/et_pb_section][et_pb_section fb_built=\u00a0\u00bb1&Prime; _builder_version=\u00a0\u00bb4.27.4&Prime; _module_preset=\u00a0\u00bbdefault\u00a0\u00bb min_height=\u00a0\u00bb1335.9px\u00a0\u00bb custom_margin=\u00a0\u00bb-25px||||false|false\u00a0\u00bb global_colors_info=\u00a0\u00bb{}\u00a0\u00bb][et_pb_row column_structure=\u00a0\u00bb1_2,1_2&Prime; _builder_version=\u00a0\u00bb4.22.1&Prime; _module_preset=\u00a0\u00bbdefault\u00a0\u00bb custom_margin=\u00a0\u00bb-34px||||false|false\u00a0\u00bb global_colors_info=\u00a0\u00bb{}\u00a0\u00bb][et_pb_column type=\u00a0\u00bb1_2&Prime; _builder_version=\u00a0\u00bb4.21.0&Prime; _module_preset=\u00a0\u00bbdefault\u00a0\u00bb global_colors_info=\u00a0\u00bb{}\u00a0\u00bb][et_pb_image src=\u00a0\u00bbhttps:\/\/dhagpo-switzerland.ch\/wp-content\/uploads\/2023\/05\/TKP-DHAGPO-Behind-The-Scenes-1-kl-scaled-1-771&#215;578-1.jpg\u00a0\u00bb title_text=\u00a0\u00bbTKP-DHAGPO-Behind-The-Scenes-1-kl-scaled-1-771&#215;578&Prime; _builder_version=\u00a0\u00bb4.21.0&Prime; _module_preset=\u00a0\u00bbdefault\u00a0\u00bb global_colors_info=\u00a0\u00bb{}\u00a0\u00bb][\/et_pb_image][\/et_pb_column][et_pb_column type=\u00a0\u00bb1_2&Prime; _builder_version=\u00a0\u00bb4.21.0&Prime; _module_preset=\u00a0\u00bbdefault\u00a0\u00bb global_colors_info=\u00a0\u00bb{}\u00a0\u00bb][et_pb_text _builder_version=\u00a0\u00bb4.27.4&Prime; _module_preset=\u00a0\u00bbdefault\u00a0\u00bb text_font_size=\u00a0\u00bb18px\u00a0\u00bb min_height=\u00a0\u00bb182.6px\u00a0\u00bb custom_margin=\u00a0\u00bb50px||0px||false|false\u00a0\u00bb custom_margin_tablet=\u00a0\u00bb28px||0px||false|false\u00a0\u00bb custom_margin_phone=\u00a0\u00bb19px||0px||false|false\u00a0\u00bb custom_margin_last_edited=\u00a0\u00bbon|phone\u00a0\u00bb global_colors_info=\u00a0\u00bb{}\u00a0\u00bb]<\/p>\n<blockquote>\n<p><em>\u00abNous pouvons vraiment nous r\u00e9jouir et appr\u00e9cier le fait que, gr\u00e2ce \u00e0 nos m\u00e9rites, \u00e0 notre propre effort, \u00e0 notre propre force et \u00e0 notre courage dans nos vies pass\u00e9es, nous avons toutes ces opportunit\u00e9s ici et maintenant. Nous devrions \u00e9galement appr\u00e9cier les aspirations intemporelles formul\u00e9es par tous les Bouddhas, tous les Bodhisattvas du pass\u00e9, ainsi que ceux du pr\u00e9sent, car c&rsquo;est vraiment gr\u00e2ce \u00e0 leurs souhaits, gr\u00e2ce \u00e0 leurs aspirations que nos efforts portent leurs fruits. Ces deux conditions merveilleuses se sont donc r\u00e9unies. C&rsquo;est le r\u00e9sultat de nos efforts, c&rsquo;est la raison pour laquelle nous sommes tous ici.\u00bb<\/em><\/p>\n<\/blockquote>\n<p>[\/et_pb_text][\/et_pb_column][\/et_pb_row][et_pb_row _builder_version=\u00a0\u00bb4.27.4&Prime; _module_preset=\u00a0\u00bbdefault\u00a0\u00bb min_height=\u00a0\u00bb0px\u00a0\u00bb custom_margin=\u00a0\u00bb-40px||-32px||false|false\u00a0\u00bb global_colors_info=\u00a0\u00bb{}\u00a0\u00bb][et_pb_column type=\u00a0\u00bb4_4&Prime; _builder_version=\u00a0\u00bb4.21.0&Prime; _module_preset=\u00a0\u00bbdefault\u00a0\u00bb global_colors_info=\u00a0\u00bb{}\u00a0\u00bb][et_pb_image title_text=\u00a0\u00bbKIBI_2024&Prime; _builder_version=\u00a0\u00bb4.25.1&Prime; _module_preset=\u00a0\u00bbdefault\u00a0\u00bb global_colors_info=\u00a0\u00bb{}\u00a0\u00bb][\/et_pb_image][\/et_pb_column][\/et_pb_row][et_pb_row _builder_version=\u00a0\u00bb4.27.4&Prime; _module_preset=\u00a0\u00bbdefault\u00a0\u00bb min_height=\u00a0\u00bb0px\u00a0\u00bb global_colors_info=\u00a0\u00bb{}\u00a0\u00bb][et_pb_column type=\u00a0\u00bb4_4&Prime; _builder_version=\u00a0\u00bb4.27.0&Prime; _module_preset=\u00a0\u00bbdefault\u00a0\u00bb global_colors_info=\u00a0\u00bb{}\u00a0\u00bb][et_pb_divider _builder_version=\u00a0\u00bb4.27.4&Prime; _module_preset=\u00a0\u00bbdefault\u00a0\u00bb custom_margin=\u00a0\u00bb30px||||false|false\u00a0\u00bb global_colors_info=\u00a0\u00bb{}\u00a0\u00bb][\/et_pb_divider][\/et_pb_column][\/et_pb_row][et_pb_row _builder_version=\u00a0\u00bb4.27.6&Prime; _module_preset=\u00a0\u00bbdefault\u00a0\u00bb global_colors_info=\u00a0\u00bb{}\u00a0\u00bb][et_pb_column type=\u00a0\u00bb4_4&Prime; _builder_version=\u00a0\u00bb4.27.6&Prime; _module_preset=\u00a0\u00bbdefault\u00a0\u00bb global_colors_info=\u00a0\u00bb{}\u00a0\u00bb][et_pb_text _builder_version=\u00a0\u00bb4.27.6&Prime; _module_preset=\u00a0\u00bbdefault\u00a0\u00bb global_colors_info=\u00a0\u00bb{}\u00a0\u00bb]<\/p>\n<h4>D\u00e9cembre 2026<\/h4>\n<p>[\/et_pb_text][\/et_pb_column][\/et_pb_row][et_pb_row column_structure=\u00a0\u00bb2_5,3_5&Prime; _builder_version=\u00a0\u00bb4.27.0&Prime; _module_preset=\u00a0\u00bbdefault\u00a0\u00bb custom_margin=\u00a0\u00bb-74px||||false|false\u00a0\u00bb custom_margin_tablet=\u00a0\u00bb-74px||||false|false\u00a0\u00bb custom_margin_phone=\u00a0\u00bb-74px||||false|false\u00a0\u00bb custom_margin_last_edited=\u00a0\u00bbon|desktop\u00a0\u00bb global_colors_info=\u00a0\u00bb{}\u00a0\u00bb theme_builder_area=\u00a0\u00bbpost_content\u00a0\u00bb][et_pb_column type=\u00a0\u00bb2_5&Prime; _builder_version=\u00a0\u00bb4.27.0&Prime; _module_preset=\u00a0\u00bbdefault\u00a0\u00bb global_colors_info=\u00a0\u00bb{}\u00a0\u00bb theme_builder_area=\u00a0\u00bbpost_content\u00a0\u00bb][et_pb_image src=\u00a0\u00bbhttps:\/\/dhagpo-switzerland.ch\/wp-content\/uploads\/2025\/03\/IMG_2760-750&#215;450-1-e1760972905965.jpg\u00a0\u00bb title_text=\u00a0\u00bbIMG_2760-750&#215;450&Prime; _builder_version=\u00a0\u00bb4.27.4&Prime; _module_preset=\u00a0\u00bbdefault\u00a0\u00bb global_colors_info=\u00a0\u00bb{}\u00a0\u00bb theme_builder_area=\u00a0\u00bbpost_content\u00a0\u00bb][\/et_pb_image][et_pb_image src=\u00a0\u00bbhttps:\/\/dhagpo-switzerland.ch\/wp-content\/uploads\/2025\/12\/Screenshot-2025-12-05-112757.png\u00a0\u00bb title_text=\u00a0\u00bbScreenshot 2025-12-05 112757&Prime; _builder_version=\u00a0\u00bb4.27.4&Prime; _module_preset=\u00a0\u00bbdefault\u00a0\u00bb global_colors_info=\u00a0\u00bb{}\u00a0\u00bb theme_builder_area=\u00a0\u00bbpost_content\u00a0\u00bb][\/et_pb_image][\/et_pb_column][et_pb_column type=\u00a0\u00bb3_5&Prime; _builder_version=\u00a0\u00bb4.27.0&Prime; _module_preset=\u00a0\u00bbdefault\u00a0\u00bb global_colors_info=\u00a0\u00bb{}\u00a0\u00bb theme_builder_area=\u00a0\u00bbpost_content\u00a0\u00bb][et_pb_text _builder_version=\u00a0\u00bb4.27.6&Prime; _module_preset=\u00a0\u00bbdefault\u00a0\u00bb hover_enabled=\u00a0\u00bb0&Prime; global_colors_info=\u00a0\u00bb{}\u00a0\u00bb theme_builder_area=\u00a0\u00bbpost_content\u00a0\u00bb sticky_enabled=\u00a0\u00bb0&Prime;]<\/p>\n<h5><span dir=\"auto\">Public Meditation Course 01. D\u00e9cembre &#8211; 10. D\u00e9cembre 2026<\/span><\/h5>\n<div><span dir=\"auto\">D\u00e9tails concernant l&rsquo; <a href=\"https:\/\/www.kibi-edu.org\/\" target=\"_blank\" rel=\"noopener\">inscription.<\/a><\/span><\/div>\n<div><span dir=\"auto\"><strong>Inscription<\/strong>: <a href=\"https:\/\/forms.gle\/FPrnxjtfTr2yfXTx5\" target=\"_blank\" rel=\"noopener\">https:\/\/forms.gle\/FPrnxjtfTr2yfXTx5<\/a><\/span><\/div>\n<div><span dir=\"auto\">Contact pour toute information utile: <a href=\"mailto:public.courses@kibi-edu.org\" target=\"_blank\" rel=\"noopener\">public.courses@kibi-edu.org <\/a><\/span><span dir=\"auto\">ou <\/span><span dir=\"auto\"><a href=\"mailto:kibioffice1990@gmail.com\" data-linkindex=\"2\">kibioffice1990@gmail.com<\/a><\/span><span dir=\"auto\"><\/span><span dir=\"auto\" style=\"box-sizing: border-box; margin: 0px; padding: 0px; border: 0px; outline: 0px; vertical-align: baseline;\"><br aria-hidden=\"true\"><\/span><\/div>\n<p>[\/et_pb_text][et_pb_text _builder_version=\u00a0\u00bb4.27.6&Prime; _module_preset=\u00a0\u00bbdefault\u00a0\u00bb hover_enabled=\u00a0\u00bb0&Prime; global_colors_info=\u00a0\u00bb{}\u00a0\u00bb theme_builder_area=\u00a0\u00bbpost_content\u00a0\u00bb sticky_enabled=\u00a0\u00bb0&Prime;]<\/p>\n<h5><span dir=\"auto\">Kagyu Monlam 15. D\u00e9cembre &#8211; 21. D\u00e9cembre 2026<\/span><\/h5>\n<div><a href=\"https:\/\/kagyu-monlam.dhagpo.org\/evenement\/\" target=\"_blank\" rel=\"noopener\"><span dir=\"auto\">D\u00e9tails et toutes les informations &#8211; Dhagpo Kagyu Monlam <\/span><\/a><span dir=\"auto\" style=\"box-sizing: border-box; margin: 0px; padding: 0px; border: 0px; outline: 0px; vertical-align: baseline;\"><\/span><\/div>\n<div><span dir=\"auto\"><a href=\"https:\/\/www.youtube.com\/@KarmapaOrg\/streams\">Youtube-Diffusion en direct<\/a> &#8211; Kagyu Monlam Bodhgaya<\/span><a href=\"https:\/\/www.facebook.com\/theKarmapa\/\" target=\"_blank\" rel=\"noopener\"><span dir=\"auto\"><\/span><\/a><\/div>\n<div><span dir=\"auto\"><a href=\"https:\/\/www.facebook.com\/theKarmapa\/\">Facebook-Diffusion en direct<\/a>&#8211; Kagyu Monlam Bodhgaya<\/span><\/div>\n<div><span dir=\"auto\">Text en Anglais comme <a href=\"https:\/\/dhagpo-switzerland.ch\/wp-content\/uploads\/2025\/12\/Kagyu-Monlam-English-2016ArchanaCTP.pdf\" target=\"_blank\" rel=\"noopener\">PDF-File<\/a><a href=\"https:\/\/dhagpo-switzerland.ch\/wp-content\/uploads\/2025\/12\/Kagyu-Monlam-English-2016ArchanaCTP.pdf\" rel=\"attachment wp-att-37348\"><\/a><\/span><\/div>\n<div><span dir=\"auto\"><\/span><\/div>\n<p>[\/et_pb_text][\/et_pb_column][\/et_pb_row][et_pb_row _builder_version=\u00a0\u00bb4.27.6&Prime; _module_preset=\u00a0\u00bbdefault\u00a0\u00bb global_colors_info=\u00a0\u00bb{}\u00a0\u00bb][et_pb_column type=\u00a0\u00bb4_4&Prime; _builder_version=\u00a0\u00bb4.27.6&Prime; _module_preset=\u00a0\u00bbdefault\u00a0\u00bb global_colors_info=\u00a0\u00bb{}\u00a0\u00bb][et_pb_text _builder_version=\u00a0\u00bb4.27.6&Prime; _module_preset=\u00a0\u00bbdefault\u00a0\u00bb custom_margin=\u00a0\u00bb35px||35px||false|false\u00a0\u00bb global_colors_info=\u00a0\u00bb{}\u00a0\u00bb]<\/p>\n<h4>Mars 2027<\/h4>\n<p>[\/et_pb_text][\/et_pb_column][\/et_pb_row][et_pb_row column_structure=\u00a0\u00bb2_5,3_5&Prime; _builder_version=\u00a0\u00bb4.27.4&Prime; _module_preset=\u00a0\u00bbdefault\u00a0\u00bb global_colors_info=\u00a0\u00bb{}\u00a0\u00bb][et_pb_column type=\u00a0\u00bb2_5&Prime; _builder_version=\u00a0\u00bb4.27.4&Prime; _module_preset=\u00a0\u00bbdefault\u00a0\u00bb global_colors_info=\u00a0\u00bb{}\u00a0\u00bb][et_pb_image src=\u00a0\u00bbhttps:\/\/dhagpo-switzerland.ch\/wp-content\/uploads\/2025\/10\/Thiksey_795x550-e1760975570279.jpg\u00a0\u00bb title_text=\u00a0\u00bbThiksey_795x550&Prime; _builder_version=\u00a0\u00bb4.27.4&Prime; _module_preset=\u00a0\u00bbdefault\u00a0\u00bb global_colors_info=\u00a0\u00bb{}\u00a0\u00bb][\/et_pb_image][\/et_pb_column][et_pb_column type=\u00a0\u00bb3_5&Prime; _builder_version=\u00a0\u00bb4.27.4&Prime; _module_preset=\u00a0\u00bbdefault\u00a0\u00bb global_colors_info=\u00a0\u00bb{}\u00a0\u00bb][et_pb_text _builder_version=\u00a0\u00bb4.27.6&Prime; _module_preset=\u00a0\u00bbdefault\u00a0\u00bb custom_margin=\u00a0\u00bb0px||35px||false|false\u00a0\u00bb global_colors_info=\u00a0\u00bb{}\u00a0\u00bb]<\/p>\n<h5>Karmapa Public Course 06. Mars &#8211; 14. Mars 2027<\/h5>\n<p><span dir=\"auto\">Les d\u00e9tails concernant la <a href=\"https:\/\/www.kibi-edu.org\/karmapa-public-course-2025\/\" target=\"_blank\" rel=\"noopener\">registration.<\/a> Pour plus d&rsquo;informations: <a href=\"mailto:public.courses@kibi-edu.org\" target=\"_blank\" rel=\"noopener\">public.courses@kibi-edu.org <\/a> <\/span><\/p>\n<p><span dir=\"auto\"><a href=\"https:\/\/www.kibi-edu.org\/karmapa-public-course\" target=\"_blank\" rel=\"noopener\">KIBI Webseite<\/a>, disponible uniquement en anglais, pour le cours. Les cours sont dispens\u00e9s via <a href=\"https:\/\/www.youtube.com\/@KarmapaIntlBuddhistInstitute\" target=\"_blank\" rel=\"noopener\">Youtube.<\/a>  <\/span><\/p>\n<p>&nbsp;<\/p>\n<p>[\/et_pb_text][\/et_pb_column][\/et_pb_row][\/et_pb_section]<\/p>\n","protected":false},"excerpt":{"rendered":"<p>Les activit\u00e9s de Karmapa Thaye Dorje \u00abNous pouvons vraiment nous r\u00e9jouir et appr\u00e9cier le fait que, gr\u00e2ce \u00e0 nos m\u00e9rites, \u00e0 notre propre effort, \u00e0 notre propre force et \u00e0 notre courage dans nos vies pass\u00e9es, nous avons toutes ces opportunit\u00e9s ici et maintenant. Nous devrions \u00e9galement appr\u00e9cier les aspirations intemporelles formul\u00e9es par tous les [&hellip;]<\/p>\n","protected":false},"author":1,"featured_media":0,"parent":0,"menu_order":0,"comment_status":"closed","ping_status":"closed","template":"","meta":{"_et_pb_use_builder":"on","_et_pb_old_content":"","_et_gb_content_width":"","footnotes":""},"class_list":["post-30704","page","type-page","status-publish","hentry"],"_links":{"self":[{"href":"https:\/\/dhagpo-switzerland.ch\/fr\/wp-json\/wp\/v2\/pages\/30704","targetHints":{"allow":["GET"]}}],"collection":[{"href":"https:\/\/dhagpo-switzerland.ch\/fr\/wp-json\/wp\/v2\/pages"}],"about":[{"href":"https:\/\/dhagpo-switzerland.ch\/fr\/wp-json\/wp\/v2\/types\/page"}],"author":[{"embeddable":true,"href":"https:\/\/dhagpo-switzerland.ch\/fr\/wp-json\/wp\/v2\/users\/1"}],"replies":[{"embeddable":true,"href":"https:\/\/dhagpo-switzerland.ch\/fr\/wp-json\/wp\/v2\/comments?post=30704"}],"version-history":[{"count":99,"href":"https:\/\/dhagpo-switzerland.ch\/fr\/wp-json\/wp\/v2\/pages\/30704\/revisions"}],"predecessor-version":[{"id":38161,"href":"https:\/\/dhagpo-switzerland.ch\/fr\/wp-json\/wp\/v2\/pages\/30704\/revisions\/38161"}],"wp:attachment":[{"href":"https:\/\/dhagpo-switzerland.ch\/fr\/wp-json\/wp\/v2\/media?parent=30704"}],"curies":[{"name":"wp","href":"https:\/\/api.w.org\/{rel}","templated":true}]}}