{"id":30766,"date":"2025-04-17T09:00:19","date_gmt":"2025-04-17T07:00:19","guid":{"rendered":"https:\/\/dhagpo-switzerland.ch\/nedo-rinpoche-en-suisse-2023\/"},"modified":"2026-05-15T14:08:20","modified_gmt":"2026-05-15T12:08:20","slug":"jigme-rinpoche-en-suisse-2026","status":"publish","type":"page","link":"https:\/\/dhagpo-switzerland.ch\/fr\/jigme-rinpoche-en-suisse-2026\/","title":{"rendered":"Jigme Rinpoche en Suisse 2026"},"content":{"rendered":"<p>[et_pb_section fb_built=\u00a0\u00bb1&Prime; _builder_version=\u00a0\u00bb4.27.6&Prime; _module_preset=\u00a0\u00bbdefault\u00a0\u00bb background_color=\u00a0\u00bbRGBA(255,255,255,0)\u00a0\u00bb background_image=\u00a0\u00bbhttps:\/\/dhagpo-switzerland.ch\/wp-content\/uploads\/2025\/05\/Header_JigmeRinpoche_FR_2025-scaled.png\u00a0\u00bb background_size=\u00a0\u00bbcontain\u00a0\u00bb min_height=\u00a0\u00bb391.5px\u00a0\u00bb custom_margin=\u00a0\u00bb-67px||||false|false\u00a0\u00bb custom_margin_tablet=\u00a0\u00bb-88px||||false|false\u00a0\u00bb custom_margin_phone=\u00a0\u00bb-141px||||false|false\u00a0\u00bb custom_margin_last_edited=\u00a0\u00bbon|phone\u00a0\u00bb mix_blend_mode=\u00a0\u00bbluminosity\u00a0\u00bb background_last_edited=\u00a0\u00bbon|phone\u00a0\u00bb background_size_tablet=\u00a0\u00bbcontain\u00a0\u00bb background_size_phone=\u00a0\u00bbcontain\u00a0\u00bb border_color_all=\u00a0\u00bb#FFFFFF\u00a0\u00bb border_style_all=\u00a0\u00bbdashed\u00a0\u00bb global_colors_info=\u00a0\u00bb{}\u00a0\u00bb][\/et_pb_section][et_pb_section fb_built=\u00a0\u00bb1&Prime; _builder_version=\u00a0\u00bb4.27.4&Prime; _module_preset=\u00a0\u00bbdefault\u00a0\u00bb min_height=\u00a0\u00bb1378.3px\u00a0\u00bb custom_margin=\u00a0\u00bb0px||||false|false\u00a0\u00bb custom_padding=\u00a0\u00bb0px|0px||||\u00a0\u00bb global_colors_info=\u00a0\u00bb{}\u00a0\u00bb][et_pb_row _builder_version=\u00a0\u00bb4.27.4&Prime; _module_preset=\u00a0\u00bbdefault\u00a0\u00bb min_height=\u00a0\u00bb70.8px\u00a0\u00bb custom_margin=\u00a0\u00bb-43px|auto||auto|false|true\u00a0\u00bb custom_margin_tablet=\u00a0\u00bb-43px|auto||auto|false|true\u00a0\u00bb custom_margin_phone=\u00a0\u00bb-139px||||false|true\u00a0\u00bb custom_margin_last_edited=\u00a0\u00bbon|phone\u00a0\u00bb global_colors_info=\u00a0\u00bb{}\u00a0\u00bb][et_pb_column type=\u00a0\u00bb4_4&Prime; _builder_version=\u00a0\u00bb4.21.0&Prime; _module_preset=\u00a0\u00bbdefault\u00a0\u00bb global_colors_info=\u00a0\u00bb{}\u00a0\u00bb][et_pb_text _builder_version=\u00a0\u00bb4.27.6&Prime; _module_preset=\u00a0\u00bbdefault\u00a0\u00bb text_font_size=\u00a0\u00bb17px\u00a0\u00bb custom_margin=\u00a0\u00bb18px||||false|false\u00a0\u00bb global_colors_info=\u00a0\u00bb{}\u00a0\u00bb]<\/p>\n<h1>TH\u00c8ME : BOUDDA CHENREZIG<\/h1>\n<p>Amour, compassion et sagesse au quotidien<\/p>\n<p>[\/et_pb_text][et_pb_divider _builder_version=\u00a0\u00bb4.27.6&Prime; _module_preset=\u00a0\u00bbdefault\u00a0\u00bb hover_enabled=\u00a0\u00bb0&Prime; global_colors_info=\u00a0\u00bb{}\u00a0\u00bb custom_margin_last_edited=\u00a0\u00bbon|phone\u00a0\u00bb sticky_enabled=\u00a0\u00bb0&Prime; custom_margin_tablet=\u00a0\u00bb0px||43px||false|false\u00a0\u00bb custom_margin_phone=\u00a0\u00bb||75px||false|false\u00a0\u00bb][\/et_pb_divider][et_pb_text _builder_version=\u00a0\u00bb4.27.6&Prime; _module_preset=\u00a0\u00bbdefault\u00a0\u00bb text_font_size=\u00a0\u00bb25px\u00a0\u00bb custom_margin=\u00a0\u00bb-22px||35px||false|false\u00a0\u00bb custom_margin_tablet=\u00a0\u00bb-47px||||false|false\u00a0\u00bb custom_margin_phone=\u00a0\u00bb-75px||||false|false\u00a0\u00bb custom_margin_last_edited=\u00a0\u00bbon|tablet\u00a0\u00bb global_colors_info=\u00a0\u00bb{}\u00a0\u00bb]<\/p>\n<p>12. Septembre 2026 &#8211; 17. Septembre 2026<\/p>\n<p>[\/et_pb_text][et_pb_divider _builder_version=\u00a0\u00bb4.27.4&Prime; _module_preset=\u00a0\u00bbdefault\u00a0\u00bb global_colors_info=\u00a0\u00bb{}\u00a0\u00bb][\/et_pb_divider][et_pb_text _builder_version=\u00a0\u00bb4.27.6&Prime; _module_preset=\u00a0\u00bbdefault\u00a0\u00bb custom_margin=\u00a0\u00bb-30px||6px||false|false\u00a0\u00bb global_colors_info=\u00a0\u00bb{}\u00a0\u00bb]<\/p>\n<p><strong>Nous vous invitons chaleureusement \u00e0 participer \u00e0 des s\u00e9ances de m\u00e9ditation et \u00e0 des enseignements avec Lama Jigme Rinpoch\u00e9 et d&rsquo;autres enseignants de Dhagpo. Une initiation sera donn\u00e9e au 2e Karmapa, Karma Pakshi, un ma\u00eetre de m\u00e9ditation \u00e9minent de la tradition Karma Kagyu, ainsi qu\u2019\u00e0 Tara Blanche, qui accorde la long\u00e9vit\u00e9 et prot\u00e8ge contre les peurs et les dangers.  <\/strong><strong>Nous nous r\u00e9jouissons \u00e9galement d\u2019une lecture publique avec Lama Jigme Rinpoch\u00e9.<\/strong><\/p>\n<p>Lama Jigme Rinpoch\u00e9 est un auteur et un enseignant \u00e9minent de l&rsquo;\u00e9cole Karma Kagyu du bouddhisme tib\u00e9tain, ainsi que le repr\u00e9sentant du 17e Gyalwa Karmapa Thaye Dorje en Europe. Il joue un r\u00f4le important dans la diffusion et l&rsquo;ancrage du bouddhisme tib\u00e9tain en Occident. Il dispense des enseignements bouddhistes et des initiations dans le monde entier.  <\/p>\n<p>[\/et_pb_text][\/et_pb_column][\/et_pb_row][et_pb_row _builder_version=\u00a0\u00bb4.27.4&Prime; _module_preset=\u00a0\u00bbdefault\u00a0\u00bb custom_margin=\u00a0\u00bb-16px|auto|-173px|auto|false|false\u00a0\u00bb global_colors_info=\u00a0\u00bb{}\u00a0\u00bb][et_pb_column type=\u00a0\u00bb4_4&Prime; _builder_version=\u00a0\u00bb4.27.4&Prime; _module_preset=\u00a0\u00bbdefault\u00a0\u00bb global_colors_info=\u00a0\u00bb{}\u00a0\u00bb][et_pb_divider _builder_version=\u00a0\u00bb4.27.4&Prime; _module_preset=\u00a0\u00bbdefault\u00a0\u00bb custom_margin=\u00a0\u00bb17px||||false|false\u00a0\u00bb custom_padding=\u00a0\u00bb|1px|||false|false\u00a0\u00bb global_colors_info=\u00a0\u00bb{}\u00a0\u00bb][\/et_pb_divider][et_pb_text _builder_version=\u00a0\u00bb4.27.4&Prime; _module_preset=\u00a0\u00bbdefault\u00a0\u00bb custom_margin=\u00a0\u00bb-25px||0px||false|false\u00a0\u00bb global_colors_info=\u00a0\u00bb{}\u00a0\u00bb]<\/p>\n<h2>PROGRAMME<\/h2>\n<p>[\/et_pb_text][\/et_pb_column][\/et_pb_row][et_pb_row _builder_version=\u00a0\u00bb4.26.0&Prime; _module_preset=\u00a0\u00bbdefault\u00a0\u00bb global_colors_info=\u00a0\u00bb{}\u00a0\u00bb][et_pb_column type=\u00a0\u00bb4_4&Prime; _builder_version=\u00a0\u00bb4.21.0&Prime; _module_preset=\u00a0\u00bbdefault\u00a0\u00bb global_colors_info=\u00a0\u00bb{}\u00a0\u00bb][et_pb_text _builder_version=\u00a0\u00bb4.27.6&Prime; _module_preset=\u00a0\u00bbdefault\u00a0\u00bb custom_margin=\u00a0\u00bb35px||||false|false\u00a0\u00bb global_colors_info=\u00a0\u00bb{}\u00a0\u00bb]<\/p>\n<h5>Samedi 12.09. et Dimanche 13.09.2026 <\/h5>\n<p>M\u00e9ditation, enseignements et une initiation au 2e Karmapa, Karma Pakshi, le samedi, et \u00e0 Tara Blanche le dimanche.<\/p>\n<h5>Lundi, 14.09.2026, \u00e0 partir de 19.00<\/h5>\n<p>Lecture publique avec Lama Jigme Rinpoch\u00e9 \u00abUne voie de sagesse\u00bb<\/p>\n<h5>Mardi 15.09. jusqu&rsquo;\u00e0 Jeudi 17.09.2026, \u00e0 partir de 10.00 <\/h5>\n<p>Enseignements de Lama Jigme Rinpoch\u00e9 sur la mise en pratique du Dharma au quotidien<\/p>\n<h5>Mardi 15.09. et Mercredi 16.09.2026, \u00e0 partir de 15.00 <\/h5>\n<p>Enseignements par les \u00e9tudiants de l\u2019Institut Dhagpo. Introduction au Guru Yoga du 2e Karmapa, Karma Pakshi, par Lama Ch\u00f6nyi, et m\u00e9ditation guid\u00e9e sur Bouddha Chenrezig avec Lama Rabjam. <\/p>\n<h5>Mardi soir 15.09., \u00e0 partir de 19.00<\/h5>\n<p>Lama Jigme Rinpoch\u00e9 conf\u00e9rera les v\u0153ux de bodhisattva.<\/p>\n<p>La semaine du Dharma peut \u00eatre suivie pendant le week-end ou \u00e0 la journ\u00e9e. <\/p>\n<p>&nbsp;<\/p>\n<p>[\/et_pb_text][\/et_pb_column][\/et_pb_row][et_pb_row _builder_version=\u00a0\u00bb4.26.1&Prime; _module_preset=\u00a0\u00bbdefault\u00a0\u00bb custom_margin=\u00a0\u00bb-75px||||false|false\u00a0\u00bb global_colors_info=\u00a0\u00bb{}\u00a0\u00bb][et_pb_column type=\u00a0\u00bb4_4&Prime; _builder_version=\u00a0\u00bb4.26.0&Prime; _module_preset=\u00a0\u00bbdefault\u00a0\u00bb global_colors_info=\u00a0\u00bb{}\u00a0\u00bb][et_pb_divider _builder_version=\u00a0\u00bb4.27.4&Prime; _module_preset=\u00a0\u00bbdefault\u00a0\u00bb custom_margin=\u00a0\u00bb0px||||false|false\u00a0\u00bb custom_margin_tablet=\u00a0\u00bb18px||||false|false\u00a0\u00bb custom_margin_phone=\u00a0\u00bb18px||||false|false\u00a0\u00bb custom_margin_last_edited=\u00a0\u00bbon|tablet\u00a0\u00bb global_colors_info=\u00a0\u00bb{}\u00a0\u00bb][\/et_pb_divider][et_pb_text _builder_version=\u00a0\u00bb4.27.6&Prime; _module_preset=\u00a0\u00bbdefault\u00a0\u00bb custom_margin=\u00a0\u00bb-20px||||false|false\u00a0\u00bb global_colors_info=\u00a0\u00bb{}\u00a0\u00bb]<\/p>\n<h4>LANGUAGES<\/h4>\n<p>Les enseignements se d\u00e9roulent en anglais et sont traduits en allemand et en fran\u00e7ais, puis diffus\u00e9s via Zoom.<\/p>\n<p>[\/et_pb_text][et_pb_divider _builder_version=\u00a0\u00bb4.26.0&Prime; _module_preset=\u00a0\u00bbdefault\u00a0\u00bb custom_margin=\u00a0\u00bb21px||||false|false\u00a0\u00bb global_colors_info=\u00a0\u00bb{}\u00a0\u00bb][\/et_pb_divider][\/et_pb_column][\/et_pb_row][et_pb_row _builder_version=\u00a0\u00bb4.27.6&Prime; _module_preset=\u00a0\u00bbdefault\u00a0\u00bb global_colors_info=\u00a0\u00bb{}\u00a0\u00bb][et_pb_column type=\u00a0\u00bb4_4&Prime; _builder_version=\u00a0\u00bb4.27.6&Prime; _module_preset=\u00a0\u00bbdefault\u00a0\u00bb global_colors_info=\u00a0\u00bb{}\u00a0\u00bb][et_pb_icon font_icon=\u00a0\u00bb&#x6c;||divi||400&Prime; icon_width=\u00a0\u00bb49px\u00a0\u00bb _builder_version=\u00a0\u00bb4.27.6&Prime; _module_preset=\u00a0\u00bbdefault\u00a0\u00bb global_colors_info=\u00a0\u00bb{}\u00a0\u00bb][\/et_pb_icon][et_pb_text _builder_version=\u00a0\u00bb4.27.6&Prime; _module_preset=\u00a0\u00bbdefault\u00a0\u00bb global_colors_info=\u00a0\u00bb{}\u00a0\u00bb]<\/p>\n<h4 style=\"text-align: center;\"><\/h4>\n<h4 style=\"text-align: center;\">Lancement des inscriptions: Ch\u00f6khor D\u00fcchen, 18. Juillet 2026<\/h4>\n<p>[\/et_pb_text][et_pb_divider _builder_version=\u00a0\u00bb4.27.6&Prime; _module_preset=\u00a0\u00bbdefault\u00a0\u00bb custom_margin=\u00a0\u00bb||9px||false|false\u00a0\u00bb global_colors_info=\u00a0\u00bb{}\u00a0\u00bb][\/et_pb_divider][\/et_pb_column][\/et_pb_row][et_pb_row column_structure=\u00a0\u00bb1_3,1_3,1_3&Prime; _builder_version=\u00a0\u00bb4.27.4&Prime; _module_preset=\u00a0\u00bbdefault\u00a0\u00bb global_colors_info=\u00a0\u00bb{}\u00a0\u00bb][et_pb_column type=\u00a0\u00bb1_3&Prime; _builder_version=\u00a0\u00bb4.27.4&Prime; _module_preset=\u00a0\u00bbdefault\u00a0\u00bb global_colors_info=\u00a0\u00bb{}\u00a0\u00bb][et_pb_blurb title=\u00a0\u00bbLieu de l&apos;\u00e9v\u00e9nement\u00a0\u00bb use_icon=\u00a0\u00bbon\u00a0\u00bb font_icon=\u00a0\u00bb&#xe01f;||divi||400&Prime; image_icon_width=\u00a0\u00bb50px\u00a0\u00bb _builder_version=\u00a0\u00bb4.27.4&Prime; _module_preset=\u00a0\u00bbdefault\u00a0\u00bb custom_padding=\u00a0\u00bb|||48px|false|false\u00a0\u00bb custom_padding_tablet=\u00a0\u00bb|||48px|false|false\u00a0\u00bb custom_padding_phone=\u00a0\u00bb|||0px|false|false\u00a0\u00bb custom_padding_last_edited=\u00a0\u00bbon|phone\u00a0\u00bb animation=\u00a0\u00bboff\u00a0\u00bb border_radii_tablet=\u00a0\u00bb\u00a0\u00bb border_radii_phone=\u00a0\u00bb\u00a0\u00bb border_radii_last_edited=\u00a0\u00bbon|phone\u00a0\u00bb global_colors_info=\u00a0\u00bb{}\u00a0\u00bb]<\/p>\n<p><strong><\/strong><a href=\"https:\/\/goo.gl\/maps\/svKuaGuavbUYG2cw9\">Salle communale de M\u00e4nnedorf<\/a><\/p>\n<p>Alte Landstrasse 250, CH-8708 M\u00e4nnedorf.<br \/>Au-dessus de la gare (en transports en public: ligne S7 de la gare centrale de Zurich).<\/p>\n<p>Du mardi au jeudi, les cours ont lieu dans la petite salle (dans le m\u00eame b\u00e2timent).<\/p>\n<p>Nous vous recommandons d&rsquo;utiliser les transports public. Les parking autour du lieu de l&rsquo;\u00e9v\u00e9nement sont payants. <br \/><a href=\"https:\/\/www.parking.ch\/de\/parkings\/maennedorf\/p-und-rail-maennedorf\" target=\"_blank\" rel=\"noopener\">P+Rail M\u00e4nnedorf, M\u00e4nnedorf<\/a><\/p>\n<p>[\/et_pb_blurb][\/et_pb_column][et_pb_column type=\u00a0\u00bb1_3&Prime; _builder_version=\u00a0\u00bb4.27.4&Prime; _module_preset=\u00a0\u00bbdefault\u00a0\u00bb global_colors_info=\u00a0\u00bb{}\u00a0\u00bb][et_pb_blurb title=\u00a0\u00bbLogement\u00a0\u00bb use_icon=\u00a0\u00bbon\u00a0\u00bb font_icon=\u00a0\u00bb&#xe009;||divi||400&Prime; image_icon_width=\u00a0\u00bb50px\u00a0\u00bb _builder_version=\u00a0\u00bb4.27.4&Prime; _module_preset=\u00a0\u00bbdefault\u00a0\u00bb animation=\u00a0\u00bboff\u00a0\u00bb global_colors_info=\u00a0\u00bb{}\u00a0\u00bb]<\/p>\n<p>\u00c0 organiser individuellement. Nous recommandons aux personnes int\u00e9ress\u00e9es de r\u00e9server assez t\u00f4t, car c&rsquo;est la haute saison. <\/p>\n<p><strong>Des suggestions bon march\u00e9:<\/strong><\/p>\n<ul>\n<li><a shash=\"uyNjPX9CR890QOTFoRs6ncOJy\/ac9ThYpXYtJ7YWRbWBhH840X\/nApsF4IZr86bv+QUpCL3QCqF+7dYJjf6Jl4ez7ABzXvyj8xSy+xVDGhO7B6ery9\/jOF\/RinhnrFE3H96z0Pu7PearUVFpB3c1eiHom0omNJb2YDXvygknUQQ=\" originalsrc=\"https:\/\/www.youthhostel.ch\/de\/hostels\/jugendherberge-rapperswil-jona\" data-auth=\"Verified\" rel=\"noopener noreferrer\" target=\"_blank\" href=\"https:\/\/emea01.safelinks.protection.outlook.com\/?url=https%3A%2F%2Fwww.youthhostel.ch%2Fde%2Fhostels%2Fjugendherberge-rapperswil-jona&amp;data=05%7C02%7C%7Cb36d9d513e4f44ee451308dca31f2573%7C84df9e7fe9f640afb435aaaaaaaaaaaa%7C1%7C0%7C638564601381700782%7CUnknown%7CTWFpbGZsb3d8eyJWIjoiMC4wLjAwMDAiLCJQIjoiV2luMzIiLCJBTiI6Ik1haWwiLCJXVCI6Mn0%3D%7C0%7C%7C%7C&amp;sdata=gLeq%2BfCiimGcn9xLf4d%2B2IyrSmfdN70mK2fV4oo9qRI%3D&amp;reserved=0\" title=\"Durch Outlook gesch\u00fctzt: https:\/\/www.youthhostel.ch\/de\/hostels\/jugendherberge-rapperswil-jona. Cliquez ou appuyez pour suivre le lien.\" data-linkindex=\"1\">Hostel de jeunesse de Rapperswil-Jona<\/a><\/li>\n<li><a shash=\"EFo8Pgln7k1UpB0ewE4oBn3puCMrn10AShuswy0rEW2mWu1U9b\/q8ZCyhrYl66ffo0fkkaLACJb9bci+R8f2MznijnpBgjZbW+Zb+4Vtc42IWCzwC57gFNTbC5\/D\/F6UMWKCKZrBUKq+fB54uyCvwXpE2w8CB69uz8cBCMSUA9w=\" originalsrc=\"https:\/\/www.youthhostel.ch\/de\/hostels\/jugendherberge-zuerich\" data-auth=\"Verified\" rel=\"noopener noreferrer\" target=\"_blank\" href=\"https:\/\/emea01.safelinks.protection.outlook.com\/?url=https%3A%2F%2Fwww.youthhostel.ch%2Fde%2Fhostels%2Fjugendherberge-zuerich&amp;data=05%7C02%7C%7Cb36d9d513e4f44ee451308dca31f2573%7C84df9e7fe9f640afb435aaaaaaaaaaaa%7C1%7C0%7C638564601381713394%7CUnknown%7CTWFpbGZsb3d8eyJWIjoiMC4wLjAwMDAiLCJQIjoiV2luMzIiLCJBTiI6Ik1haWwiLCJXVCI6Mn0%3D%7C0%7C%7C%7C&amp;sdata=LQ0zxeqGXNqd%2B7ltJ2U8joI8etSuE6o4Oj8Oef6t5Zk%3D&amp;reserved=0\" title=\"Durch Outlook gesch\u00fctzt: https:\/\/www.youthhostel.ch\/de\/hostels\/jugendherberge-zuerich. Cliquez ou appuyez pour suivre le lien.\" data-linkindex=\"2\">Hostel de jeunesse de Zurich<\/a><\/li>\n<li>Nous vous avons r\u00e9serv\u00e9 pour la semaine le <a href=\"https:\/\/pfadiheime.ch\/de\/cottages\/128-pfadiheim-olymp-stafa\" target=\"_blank\" rel=\"noopener\">local scout \u00abOlymp\u00bb<\/a> \u00e0 St\u00e4fa (34 lits r\u00e9partis dans deux dortoirs, 15 CHF par nuit et par personne). Il est \u00e9galement possible de camper pour 10 CHF par nuit et par personne. <\/li>\n<\/ul>\n<p>R\u00e9servation\/questions par<br \/>E-Mail \u00e0:<a href=\"mailto:info@dhagpo-switzerland.ch\" target=\"_blank\" rel=\"noopener\"> info@dhagpo-switzerland.ch<\/a><\/p>\n<p><a href=\"mailto:juriwald@protonmail.com\" target=\"_blank\" rel=\"noopener\"><\/a><\/p>\n<p>[\/et_pb_blurb][\/et_pb_column][et_pb_column type=\u00a0\u00bb1_3&Prime; _builder_version=\u00a0\u00bb4.27.4&Prime; _module_preset=\u00a0\u00bbdefault\u00a0\u00bb global_colors_info=\u00a0\u00bb{}\u00a0\u00bb][et_pb_blurb title=\u00a0\u00bb\u00c0 apporter\u00a0\u00bb use_icon=\u00a0\u00bbon\u00a0\u00bb font_icon=\u00a0\u00bb&#x5a;||divi||400&Prime; image_icon_width=\u00a0\u00bb50px\u00a0\u00bb _builder_version=\u00a0\u00bb4.25.2&Prime; _module_preset=\u00a0\u00bbdefault\u00a0\u00bb animation=\u00a0\u00bboff\u00a0\u00bb global_colors_info=\u00a0\u00bb{}\u00a0\u00bb]<\/p>\n<ul>\n<li>Confirmation d&rsquo;inscription: celle-ci vous sera envoy\u00e9e par e-mail apr\u00e8s r\u00e9ception du paiement (cela peut prendre environ une semaine). Sur pr\u00e9sentation de cette confirmation sur place, un bracelet vous sera remis pour vous permettre d&rsquo;acc\u00e9der \u00e0 l&rsquo;\u00e9v\u00e9nement. <\/li>\n<li>Des \u00e9couteurs ainsi que des appareils mobiles sur lesquels <a href=\"https:\/\/zoom.us\/de\/signin#\/login\" target=\"_blank\" rel=\"noopener\">Zoom<\/a> est install\u00e9.<\/li>\n<li>Textes de pratique: Sadhana de Chenrezig (ces textes peuvent \u00e9galement \u00eatre emprunt\u00e9s sur place)<\/li>\n<li>Une gourde et\/ou un gobelet personnel (r\u00e9duction des d\u00e9chets)<\/li>\n<li>Apportez de l&rsquo;argent liquide pour les dons (Dana) destin\u00e9s \u00e0 Jigme Rinpoch\u00e9 et au soutien des projets<\/li>\n<\/ul>\n<p>[\/et_pb_blurb][\/et_pb_column][\/et_pb_row][\/et_pb_section]<\/p>\n","protected":false},"excerpt":{"rendered":"<p>TH\u00c8ME : BOUDDA CHENREZIG Amour, compassion et sagesse au quotidien12. Septembre 2026 &#8211; 17. Septembre 2026Nous vous invitons chaleureusement \u00e0 participer \u00e0 des s\u00e9ances de m\u00e9ditation et \u00e0 des enseignements avec Lama Jigme Rinpoch\u00e9 et d&rsquo;autres enseignants de Dhagpo. Une initiation sera donn\u00e9e au 2e Karmapa, Karma Pakshi, un ma\u00eetre de m\u00e9ditation \u00e9minent de la [&hellip;]<\/p>\n","protected":false},"author":1,"featured_media":0,"parent":0,"menu_order":0,"comment_status":"closed","ping_status":"closed","template":"","meta":{"_et_pb_use_builder":"on","_et_pb_old_content":"","_et_gb_content_width":"","footnotes":""},"class_list":["post-30766","page","type-page","status-publish","hentry"],"_links":{"self":[{"href":"https:\/\/dhagpo-switzerland.ch\/fr\/wp-json\/wp\/v2\/pages\/30766","targetHints":{"allow":["GET"]}}],"collection":[{"href":"https:\/\/dhagpo-switzerland.ch\/fr\/wp-json\/wp\/v2\/pages"}],"about":[{"href":"https:\/\/dhagpo-switzerland.ch\/fr\/wp-json\/wp\/v2\/types\/page"}],"author":[{"embeddable":true,"href":"https:\/\/dhagpo-switzerland.ch\/fr\/wp-json\/wp\/v2\/users\/1"}],"replies":[{"embeddable":true,"href":"https:\/\/dhagpo-switzerland.ch\/fr\/wp-json\/wp\/v2\/comments?post=30766"}],"version-history":[{"count":207,"href":"https:\/\/dhagpo-switzerland.ch\/fr\/wp-json\/wp\/v2\/pages\/30766\/revisions"}],"predecessor-version":[{"id":38306,"href":"https:\/\/dhagpo-switzerland.ch\/fr\/wp-json\/wp\/v2\/pages\/30766\/revisions\/38306"}],"wp:attachment":[{"href":"https:\/\/dhagpo-switzerland.ch\/fr\/wp-json\/wp\/v2\/media?parent=30766"}],"curies":[{"name":"wp","href":"https:\/\/api.w.org\/{rel}","templated":true}]}}