{"id":30772,"date":"2023-06-08T12:00:53","date_gmt":"2023-06-08T10:00:53","guid":{"rendered":"https:\/\/dhagpo-switzerland.ch\/souvenir\/"},"modified":"2026-02-05T23:39:40","modified_gmt":"2026-02-05T22:39:40","slug":"souvenir","status":"publish","type":"page","link":"https:\/\/dhagpo-switzerland.ch\/fr\/souvenir\/","title":{"rendered":"Souvenir"},"content":{"rendered":"<p>[et_pb_section fb_built=\u00a0\u00bb1&Prime; _builder_version=\u00a0\u00bb4.27.2&Prime; _module_preset=\u00a0\u00bbdefault\u00a0\u00bb background_color=\u00a0\u00bbRGBA(255,255,255,0)\u00a0\u00bb background_image=\u00a0\u00bbhttps:\/\/dhagpo-switzerland.ch\/wp-content\/uploads\/2024\/11\/DSC_1718-copy.jpg\u00a0\u00bb min_height=\u00a0\u00bb391.5px\u00a0\u00bb mix_blend_mode=\u00a0\u00bbluminosity\u00a0\u00bb border_color_all=\u00a0\u00bb#FFFFFF\u00a0\u00bb border_style_all=\u00a0\u00bbdashed\u00a0\u00bb global_colors_info=\u00a0\u00bb{}\u00a0\u00bb][\/et_pb_section][et_pb_section fb_built=\u00a0\u00bb1&Prime; _builder_version=\u00a0\u00bb4.27.2&Prime; _module_preset=\u00a0\u00bbdefault\u00a0\u00bb width=\u00a0\u00bb100%\u00a0\u00bb min_height=\u00a0\u00bb1000.3px\u00a0\u00bb custom_margin=\u00a0\u00bb||-20px|||\u00a0\u00bb locked=\u00a0\u00bboff\u00a0\u00bb global_colors_info=\u00a0\u00bb{}\u00a0\u00bb][et_pb_row _builder_version=\u00a0\u00bb4.20.4&Prime; _module_preset=\u00a0\u00bbdefault\u00a0\u00bb global_colors_info=\u00a0\u00bb{}\u00a0\u00bb][et_pb_column type=\u00a0\u00bb4_4&Prime; _builder_version=\u00a0\u00bb4.20.4&Prime; _module_preset=\u00a0\u00bbdefault\u00a0\u00bb global_colors_info=\u00a0\u00bb{}\u00a0\u00bb][et_pb_text _builder_version=\u00a0\u00bb4.27.5&Prime; _module_preset=\u00a0\u00bbdefault\u00a0\u00bb text_text_color=\u00a0\u00bb#e00025&Prime; header_font=\u00a0\u00bbRoboto Slab|300|||||||\u00a0\u00bb header_text_color=\u00a0\u00bbgcid-461bc461-d677-4144-a9c1-9e26c2dfbb87&Prime; header_font_size=\u00a0\u00bb36px\u00a0\u00bb hover_enabled=\u00a0\u00bb0&Prime; global_colors_info=\u00a0\u00bb{%22gcid-461bc461-d677-4144-a9c1-9e26c2dfbb87%22:%91%22header_text_color%22%93}\u00a0\u00bb sticky_enabled=\u00a0\u00bb0&Prime;]<\/p>\n<h1>Souvenir<\/h1>\n<p>[\/et_pb_text][\/et_pb_column][\/et_pb_row][et_pb_row _builder_version=\u00a0\u00bb4.21.0&Prime; _module_preset=\u00a0\u00bbdefault\u00a0\u00bb min_height=\u00a0\u00bb130.4px\u00a0\u00bb global_colors_info=\u00a0\u00bb{}\u00a0\u00bb][et_pb_column type=\u00a0\u00bb4_4&Prime; _builder_version=\u00a0\u00bb4.21.0&Prime; _module_preset=\u00a0\u00bbdefault\u00a0\u00bb global_colors_info=\u00a0\u00bb{}\u00a0\u00bb][et_pb_text _builder_version=\u00a0\u00bb4.23&Prime; _module_preset=\u00a0\u00bbdefault\u00a0\u00bb custom_margin=\u00a0\u00bb||-15px|||\u00a0\u00bb hover_enabled=\u00a0\u00bb0&Prime; global_colors_info=\u00a0\u00bb{}\u00a0\u00bb sticky_enabled=\u00a0\u00bb0&Prime;]<\/p>\n<p>Dhagpo Switzerland est un groupe de pratiquants du dharma en Suisse qui se r\u00e9unit r\u00e9guli\u00e8rement en ligne et sur place pour pratiquer ensemble tout au long de l\u2019ann\u00e9e. Une fois par an, nous organisons un grand \u00e9v\u00e9nement du dharma, au cours duquel nous invitons en Suisse un ma\u00eetre de la lign\u00e9e Karma Kagyu et tous ceux du grand mandala Dhagpo qui souhaitent venir. A cette occasion, nous louons la grande salle communale de M\u00e4nnedorf\/Zurich.<\/p>\n<p>[\/et_pb_text][\/et_pb_column][\/et_pb_row][et_pb_row column_structure=\u00a0\u00bb1_3,1_3,1_3&Prime; _builder_version=\u00a0\u00bb4.27.4&Prime; _module_preset=\u00a0\u00bbdefault\u00a0\u00bb locked=\u00a0\u00bboff\u00a0\u00bb global_colors_info=\u00a0\u00bb{}\u00a0\u00bb][et_pb_column type=\u00a0\u00bb1_3&Prime; _builder_version=\u00a0\u00bb4.27.4&Prime; _module_preset=\u00a0\u00bbdefault\u00a0\u00bb global_colors_info=\u00a0\u00bb{}\u00a0\u00bb][et_pb_text _builder_version=\u00a0\u00bb4.27.5&Prime; _dynamic_attributes=\u00a0\u00bblink_option_url\u00a0\u00bb _module_preset=\u00a0\u00bbdefault\u00a0\u00bb link_option_url=\u00a0\u00bb@ET-DC@eyJkeW5hbWljIjp0cnVlLCJjb250ZW50IjoicG9zdF9saW5rX3VybF9wYWdlIiwic2V0dGluZ3MiOnsicG9zdF9pZCI6IjM3NTYzIn19@\u00a0\u00bb locked=\u00a0\u00bboff\u00a0\u00bb global_colors_info=\u00a0\u00bb{}\u00a0\u00bb]<\/p>\n<h5 style=\"text-align: center;\"><i class=\"\"><img loading=\"lazy\" decoding=\"async\" class=\"aligncenter wp-image-37577 size-medium\" src=\"https:\/\/dhagpo-switzerland.ch\/wp-content\/uploads\/2026\/02\/20250830-7-9-300x199.jpg\" width=\"300\" height=\"199\"><\/i><\/h5>\n<h5 style=\"text-align: center;\"><i class=\"\">Semaine du dharma avec Jigm\u00e9 Rinpoch\u00e9<\/i><\/h5>\n<div class=\"\" style=\"text-align: center;\"><i class=\"\">31 a\u00f4ut au 4 septembre 2025 | M\u00e4nnedorf-Z\u00fcrich<\/i><\/div>\n<p>[\/et_pb_text][\/et_pb_column][et_pb_column type=\u00a0\u00bb1_3&Prime; _builder_version=\u00a0\u00bb4.27.4&Prime; _module_preset=\u00a0\u00bbdefault\u00a0\u00bb global_colors_info=\u00a0\u00bb{}\u00a0\u00bb][et_pb_text _builder_version=\u00a0\u00bb4.27.5&Prime; _dynamic_attributes=\u00a0\u00bblink_option_url\u00a0\u00bb _module_preset=\u00a0\u00bbdefault\u00a0\u00bb link_option_url=\u00a0\u00bb@ET-DC@eyJkeW5hbWljIjp0cnVlLCJjb250ZW50IjoicG9zdF9saW5rX3VybF9wYWdlIiwic2V0dGluZ3MiOnsicG9zdF9pZCI6IjM3MjIxIn19@\u00a0\u00bb locked=\u00a0\u00bboff\u00a0\u00bb global_colors_info=\u00a0\u00bb{}\u00a0\u00bb]<\/p>\n<h5 style=\"text-align: center;\"><i class=\"\"><a href=\"https:\/\/dhagpo-switzerland.ch\/fr\/?page_id=37223\"><img loading=\"lazy\" decoding=\"async\" class=\"aligncenter wp-image-34662 size-medium\" src=\"https:\/\/dhagpo-switzerland.ch\/wp-content\/uploads\/2024\/11\/DSC_1718-copy-300x201.jpg\" alt=\"\" width=\"300\" height=\"201\"><\/a><\/i><\/h5>\n<h5 style=\"text-align: center;\"><i class=\"\">Semaine du dharma avec Jigm\u00e9 Rinpoch\u00e9<\/i><\/h5>\n<div class=\"\" style=\"text-align: center;\"><i class=\"\">31 ao\u00fbt au 6 septembre 2024 | M\u00e4nnedorf-Z\u00fcrich<\/i><\/div>\n<p>[\/et_pb_text][\/et_pb_column][et_pb_column type=\u00a0\u00bb1_3&Prime; _builder_version=\u00a0\u00bb4.27.4&Prime; _module_preset=\u00a0\u00bbdefault\u00a0\u00bb global_colors_info=\u00a0\u00bb{}\u00a0\u00bb][et_pb_text _builder_version=\u00a0\u00bb4.27.5&Prime; _dynamic_attributes=\u00a0\u00bblink_option_url\u00a0\u00bb _module_preset=\u00a0\u00bbdefault\u00a0\u00bb link_option_url=\u00a0\u00bb@ET-DC@eyJkeW5hbWljIjp0cnVlLCJjb250ZW50IjoicG9zdF9saW5rX3VybF9wYWdlIiwic2V0dGluZ3MiOnsicG9zdF9pZCI6IjM3MTc5In19@\u00a0\u00bb locked=\u00a0\u00bboff\u00a0\u00bb global_colors_info=\u00a0\u00bb{}\u00a0\u00bb]<\/p>\n<h5 style=\"text-align: center;\"><a href=\"https:\/\/dhagpo-switzerland.ch\/fr\/?page_id=37181\"><img loading=\"lazy\" decoding=\"async\" class=\"aligncenter wp-image-37209 size-medium\" src=\"https:\/\/dhagpo-switzerland.ch\/wp-content\/uploads\/2025\/12\/20230902-0-1-182-300x200.jpg\" alt=\"\" width=\"300\" height=\"200\"><\/a><\/h5>\n<h5 style=\"text-align: center;\"><i class=\"\">Weekend du dharma avec Nedo Rinpoch\u00e9<\/i><\/h5>\n<div class=\"\" style=\"text-align: center;\"><i class=\"\">2.-3. September 2023 | M\u00e4nnedorf-Z\u00fcrich<\/i><\/div>\n<p>[\/et_pb_text][\/et_pb_column][\/et_pb_row][et_pb_row column_structure=\u00a0\u00bb1_3,1_3,1_3&Prime; _builder_version=\u00a0\u00bb4.27.4&Prime; _module_preset=\u00a0\u00bbdefault\u00a0\u00bb locked=\u00a0\u00bboff\u00a0\u00bb global_colors_info=\u00a0\u00bb{}\u00a0\u00bb][et_pb_column type=\u00a0\u00bb1_3&Prime; _builder_version=\u00a0\u00bb4.27.4&Prime; _module_preset=\u00a0\u00bbdefault\u00a0\u00bb global_colors_info=\u00a0\u00bb{}\u00a0\u00bb][et_pb_text _builder_version=\u00a0\u00bb4.27.5&Prime; _dynamic_attributes=\u00a0\u00bblink_option_url\u00a0\u00bb _module_preset=\u00a0\u00bbdefault\u00a0\u00bb link_option_url=\u00a0\u00bb@ET-DC@eyJkeW5hbWljIjp0cnVlLCJjb250ZW50IjoicG9zdF9saW5rX3VybF9wYWdlIiwic2V0dGluZ3MiOnsicG9zdF9pZCI6IjM3MTU5In19@\u00a0\u00bb locked=\u00a0\u00bboff\u00a0\u00bb global_colors_info=\u00a0\u00bb{}\u00a0\u00bb]<\/p>\n<h5 style=\"box-sizing: border-box; margin: 0px; padding: 0px 0px 10px; border: 0px; outline: 0px; font-size: 16px; vertical-align: baseline; background: none; color: #ab0032; line-height: 1em; font-weight: 500; font-family: 'Roboto Slab', Georgia, 'Times New Roman', serif; font-style: normal; font-variant-caps: normal; letter-spacing: normal; text-indent: 0px; text-transform: none; white-space: normal; word-spacing: 0px; -webkit-text-stroke-width: 0px; text-decoration: none; text-align: center;\"><a href=\"https:\/\/dhagpo-switzerland.ch\/fr\/?page_id=37161\"><img loading=\"lazy\" decoding=\"async\" class=\"aligncenter wp-image-37136 size-medium\" src=\"https:\/\/dhagpo-switzerland.ch\/wp-content\/uploads\/2025\/12\/20220903-1-300x200.jpeg\" alt=\"\" width=\"300\" height=\"200\"><\/a><\/h5>\n<h5 style=\"box-sizing: border-box; margin: 0px; padding: 0px 0px 10px; border: 0px; outline: 0px; font-size: 16px; vertical-align: baseline; background: none; color: #ab0032; line-height: 1em; font-weight: 500; font-family: 'Roboto Slab', Georgia, 'Times New Roman', serif; font-style: normal; font-variant-caps: normal; letter-spacing: normal; text-indent: 0px; text-transform: none; white-space: normal; word-spacing: 0px; -webkit-text-stroke-width: 0px; text-decoration: none; text-align: center;\"><i class=\"\" style=\"box-sizing: border-box; margin: 0px; padding: 0px; border: 0px; outline: 0px; font-size: 16px; vertical-align: baseline; background: none; font-style: italic;\">Week-end du dharma avec Jigme Rinpoche<br style=\"box-sizing: border-box;\"><\/i><\/h5>\n<div class=\"\" style=\"box-sizing: border-box; margin: 0px; padding: 0px; border: 0px; outline: 0px; font-size: 14px; vertical-align: baseline; background: none; caret-color: #666666; color: #666666; font-family: 'Open Sans', Arial, sans-serif; font-style: normal; font-variant-caps: normal; font-weight: 500; letter-spacing: normal; text-indent: 0px; text-transform: none; white-space: normal; word-spacing: 0px; -webkit-text-stroke-width: 0px; text-decoration: none; text-align: center;\"><i class=\"\" style=\"box-sizing: border-box; margin: 0px; padding: 0px; border: 0px; outline: 0px; font-size: 14px; vertical-align: baseline; background: none; font-style: italic;\">3.-4. Septembre 2022 | M\u00e4nnedorf-Zurich<\/i><\/div>\n<p>[\/et_pb_text][\/et_pb_column][et_pb_column type=\u00a0\u00bb1_3&Prime; _builder_version=\u00a0\u00bb4.27.4&Prime; _module_preset=\u00a0\u00bbdefault\u00a0\u00bb global_colors_info=\u00a0\u00bb{}\u00a0\u00bb][\/et_pb_column][et_pb_column type=\u00a0\u00bb1_3&Prime; _builder_version=\u00a0\u00bb4.27.4&Prime; _module_preset=\u00a0\u00bbdefault\u00a0\u00bb global_colors_info=\u00a0\u00bb{}\u00a0\u00bb][\/et_pb_column][\/et_pb_row][\/et_pb_section]<\/p>\n","protected":false},"excerpt":{"rendered":"<p>SouvenirDhagpo Switzerland est un groupe de pratiquants du dharma en Suisse qui se r\u00e9unit r\u00e9guli\u00e8rement en ligne et sur place pour pratiquer ensemble tout au long de l\u2019ann\u00e9e. Une fois par an, nous organisons un grand \u00e9v\u00e9nement du dharma, au cours duquel nous invitons en Suisse un ma\u00eetre de la lign\u00e9e Karma Kagyu et tous [&hellip;]<\/p>\n","protected":false},"author":1,"featured_media":0,"parent":0,"menu_order":0,"comment_status":"closed","ping_status":"closed","template":"","meta":{"_et_pb_use_builder":"on","_et_pb_old_content":"","_et_gb_content_width":"","footnotes":""},"class_list":["post-30772","page","type-page","status-publish","hentry"],"_links":{"self":[{"href":"https:\/\/dhagpo-switzerland.ch\/fr\/wp-json\/wp\/v2\/pages\/30772","targetHints":{"allow":["GET"]}}],"collection":[{"href":"https:\/\/dhagpo-switzerland.ch\/fr\/wp-json\/wp\/v2\/pages"}],"about":[{"href":"https:\/\/dhagpo-switzerland.ch\/fr\/wp-json\/wp\/v2\/types\/page"}],"author":[{"embeddable":true,"href":"https:\/\/dhagpo-switzerland.ch\/fr\/wp-json\/wp\/v2\/users\/1"}],"replies":[{"embeddable":true,"href":"https:\/\/dhagpo-switzerland.ch\/fr\/wp-json\/wp\/v2\/comments?post=30772"}],"version-history":[{"count":50,"href":"https:\/\/dhagpo-switzerland.ch\/fr\/wp-json\/wp\/v2\/pages\/30772\/revisions"}],"predecessor-version":[{"id":37868,"href":"https:\/\/dhagpo-switzerland.ch\/fr\/wp-json\/wp\/v2\/pages\/30772\/revisions\/37868"}],"wp:attachment":[{"href":"https:\/\/dhagpo-switzerland.ch\/fr\/wp-json\/wp\/v2\/media?parent=30772"}],"curies":[{"name":"wp","href":"https:\/\/api.w.org\/{rel}","templated":true}]}}