{"id":33155,"date":"2024-04-21T18:10:20","date_gmt":"2024-04-21T16:10:20","guid":{"rendered":"https:\/\/dhagpo-switzerland.ch\/?page_id=33155"},"modified":"2025-10-03T19:55:47","modified_gmt":"2025-10-03T17:55:47","slug":"reseau","status":"publish","type":"page","link":"https:\/\/dhagpo-switzerland.ch\/fr\/reseau\/","title":{"rendered":"R\u00e9seau"},"content":{"rendered":"<p>[et_pb_section fb_built=\u00a0\u00bb1&Prime; _builder_version=\u00a0\u00bb4.21.0&Prime; _module_preset=\u00a0\u00bbdefault\u00a0\u00bb custom_padding=\u00a0\u00bb||0px|||\u00a0\u00bb global_colors_info=\u00a0\u00bb{}\u00a0\u00bb][et_pb_row _builder_version=\u00a0\u00bb4.27.4&Prime; _module_preset=\u00a0\u00bbdefault\u00a0\u00bb min_height=\u00a0\u00bb100px\u00a0\u00bb custom_margin=\u00a0\u00bb-16px|auto|-58px|auto|false|false\u00a0\u00bb custom_margin_tablet=\u00a0\u00bb-16px|auto|-58px|auto|false|false\u00a0\u00bb custom_margin_phone=\u00a0\u00bb29px||||false|false\u00a0\u00bb custom_margin_last_edited=\u00a0\u00bbon|phone\u00a0\u00bb global_colors_info=\u00a0\u00bb{}\u00a0\u00bb][et_pb_column type=\u00a0\u00bb4_4&Prime; _builder_version=\u00a0\u00bb4.21.0&Prime; _module_preset=\u00a0\u00bbdefault\u00a0\u00bb global_colors_info=\u00a0\u00bb{}\u00a0\u00bb][et_pb_text _builder_version=\u00a0\u00bb4.27.4&Prime; _module_preset=\u00a0\u00bb6e9e1231-e426-41cb-a1d7-fb4d471b963c\u00a0\u00bb custom_margin=\u00a0\u00bb0px||0px||false|false\u00a0\u00bb global_colors_info=\u00a0\u00bb{}\u00a0\u00bb]<\/p>\n<h2>R\u00e9seau<\/h2>\n<p>[\/et_pb_text][\/et_pb_column][\/et_pb_row][et_pb_row _builder_version=\u00a0\u00bb4.27.4&Prime; _module_preset=\u00a0\u00bbdefault\u00a0\u00bb min_height=\u00a0\u00bb100px\u00a0\u00bb custom_margin=\u00a0\u00bb-16px|auto|-58px|auto|false|false\u00a0\u00bb global_colors_info=\u00a0\u00bb{}\u00a0\u00bb][et_pb_column type=\u00a0\u00bb4_4&Prime; _builder_version=\u00a0\u00bb4.21.0&Prime; _module_preset=\u00a0\u00bbdefault\u00a0\u00bb global_colors_info=\u00a0\u00bb{}\u00a0\u00bb][et_pb_divider _builder_version=\u00a0\u00bb4.21.0&Prime; _module_preset=\u00a0\u00bbdefault\u00a0\u00bb global_colors_info=\u00a0\u00bb{}\u00a0\u00bb][\/et_pb_divider][\/et_pb_column][\/et_pb_row][et_pb_row _builder_version=\u00a0\u00bb4.27.4&Prime; _module_preset=\u00a0\u00bbdefault\u00a0\u00bb min_height=\u00a0\u00bb0px\u00a0\u00bb custom_margin=\u00a0\u00bb-34px||||false|false\u00a0\u00bb global_colors_info=\u00a0\u00bb{}\u00a0\u00bb][et_pb_column type=\u00a0\u00bb4_4&Prime; _builder_version=\u00a0\u00bb4.25.0&Prime; _module_preset=\u00a0\u00bbdefault\u00a0\u00bb global_colors_info=\u00a0\u00bb{}\u00a0\u00bb][et_pb_text _builder_version=\u00a0\u00bb4.25.0&Prime; _module_preset=\u00a0\u00bbdefault\u00a0\u00bb custom_margin=\u00a0\u00bb5px||21px||false|false\u00a0\u00bb global_colors_info=\u00a0\u00bb{}\u00a0\u00bb]<\/p>\n<p>Des informations sur l&rsquo;enseignement du dharma bouddhiste, les cours et les retraites peuvent \u00eatre trouv\u00e9es ici.<\/p>\n<p>[\/et_pb_text][\/et_pb_column][\/et_pb_row][et_pb_row _builder_version=\u00a0\u00bb4.27.4&Prime; _module_preset=\u00a0\u00bbdefault\u00a0\u00bb min_height=\u00a0\u00bb0px\u00a0\u00bb custom_margin_tablet=\u00a0\u00bb\u00a0\u00bb custom_margin_phone=\u00a0\u00bb28px||||false|true\u00a0\u00bb custom_margin_last_edited=\u00a0\u00bbon|phone\u00a0\u00bb global_colors_info=\u00a0\u00bb{}\u00a0\u00bb][et_pb_column type=\u00a0\u00bb4_4&Prime; _builder_version=\u00a0\u00bb4.27.4&Prime; _module_preset=\u00a0\u00bbdefault\u00a0\u00bb global_colors_info=\u00a0\u00bb{}\u00a0\u00bb][et_pb_text _builder_version=\u00a0\u00bb4.27.4&Prime; _module_preset=\u00a0\u00bbdefault\u00a0\u00bb global_colors_info=\u00a0\u00bb{}\u00a0\u00bb]<\/p>\n<h2>L&rsquo;Europe<\/h2>\n<p>[\/et_pb_text][\/et_pb_column][\/et_pb_row][et_pb_row column_structure=\u00a0\u00bb1_2,1_2&Prime; _builder_version=\u00a0\u00bb4.27.4&Prime; _module_preset=\u00a0\u00bbdefault\u00a0\u00bb custom_margin_tablet=\u00a0\u00bb\u00a0\u00bb custom_margin_phone=\u00a0\u00bb||66px||false|true\u00a0\u00bb custom_margin_last_edited=\u00a0\u00bbon|phone\u00a0\u00bb global_colors_info=\u00a0\u00bb{}\u00a0\u00bb][et_pb_column type=\u00a0\u00bb1_2&Prime; _builder_version=\u00a0\u00bb4.25.0&Prime; _module_preset=\u00a0\u00bbdefault\u00a0\u00bb global_colors_info=\u00a0\u00bb{}\u00a0\u00bb][et_pb_toggle title=\u00a0\u00bbDhagpo Kagyu Ling\u00a0\u00bb _builder_version=\u00a0\u00bb4.25.0&Prime; _module_preset=\u00a0\u00bbdefault\u00a0\u00bb global_colors_info=\u00a0\u00bb{}\u00a0\u00bb]<\/p>\n<table style=\"border-collapse: collapse; width: 100%;\" border=\"1\">\n<tbody>\n<tr>\n<td style=\"width: 50%;\">\n  <a href=\"https:\/\/www.dhagpo.org\" target=\"_blank\" rel=\"noopener\">https:\/\/www.dhagpo.org<\/a>\n<\/td>\n<td width=\"201\" style=\"width: 50%;\">\n  <a href=\"mailto:contact@dhagpo.org\">contact@dhagpo.org<\/a>\n<\/td>\n<\/tr>\n<\/tbody>\n<\/table>\n<p>[\/et_pb_toggle][et_pb_toggle title=\u00a0\u00bbDhagpo Dedr\u00f6 Ling \/Marfond\u00a0\u00bb _builder_version=\u00a0\u00bb4.25.1&Prime; _module_preset=\u00a0\u00bbdefault\u00a0\u00bb global_colors_info=\u00a0\u00bb{}\u00a0\u00bb]<\/p>\n<table style=\"border-collapse: collapse; width: 100%;\" border=\"1\">\n<tbody>\n<tr>\n<td style=\"width: 50%;\"><a href=\"http:\/\/www.dhagpo-dedrol.org\" target=\"_blank\" rel=\"noopener\">www.dhagpo-dedrol.org<\/a><\/td>\n<td style=\"width: 50%;\"><\/td>\n<\/tr>\n<\/tbody>\n<\/table>\n<p>[\/et_pb_toggle][et_pb_toggle title=\u00a0\u00bbDhagpo M\u00f6hra\u00a0\u00bb _builder_version=\u00a0\u00bb4.25.0&Prime; _module_preset=\u00a0\u00bbdefault\u00a0\u00bb global_colors_info=\u00a0\u00bb{}\u00a0\u00bb]<\/p>\n<table style=\"border-collapse: collapse; width: 100%;\" border=\"1\">\n<tbody>\n<tr>\n<td style=\"width: 50%;\">\n  <a href=\"https:\/\/dhagpo-moehra.org\/\" target=\"_blank\" rel=\"noopener\">https:\/\/dhagpo-moehra.org\/<\/a>\n<\/td>\n<td style=\"width: 50%;\">\n  <a href=\"mailto:info@dhagpo-moehra.org\">info@dhagpo-moehra.org<\/a>\n<\/td>\n<\/tr>\n<\/tbody>\n<\/table>\n<p>[\/et_pb_toggle][et_pb_toggle title=\u00a0\u00bbBuddhistisches Zentrum Freiburg\u00a0\u00bb _builder_version=\u00a0\u00bb4.25.0&Prime; _module_preset=\u00a0\u00bbdefault\u00a0\u00bb global_colors_info=\u00a0\u00bb{}\u00a0\u00bb]<\/p>\n<table style=\"border-collapse: collapse; width: 100%;\" border=\"1\">\n<tbody>\n<tr>\n<td style=\"width: 50%;\">\n  <a href=\"https:\/\/buddhistisches-zentrum-freiburg.de\" target=\"_blank\" rel=\"noopener\">https:\/\/buddhistisches-zentrum-freiburg.de<\/a>\n<\/td>\n<td style=\"width: 50%;\">\n  <a href=\"mailto:info@buddhistisches-zentrum-freiburg.de\" target=\"_blank\" rel=\"noopener\">info@buddhistisches-zentrum-freiburg.de<\/a>\n<\/td>\n<\/tr>\n<\/tbody>\n<\/table>\n<p>[\/et_pb_toggle][\/et_pb_column][et_pb_column type=\u00a0\u00bb1_2&Prime; _builder_version=\u00a0\u00bb4.25.1&Prime; _module_preset=\u00a0\u00bbdefault\u00a0\u00bb global_colors_info=\u00a0\u00bb{}\u00a0\u00bb][et_pb_toggle title=\u00a0\u00bbDhagpo Kundreul Ling\u00a0\u00bb _builder_version=\u00a0\u00bb4.25.0&Prime; _module_preset=\u00a0\u00bbdefault\u00a0\u00bb global_colors_info=\u00a0\u00bb{}\u00a0\u00bb]<\/p>\n<table style=\"border-collapse: collapse; width: 100%;\" border=\"1\">\n<tbody>\n<tr>\n<td width=\"201\" style=\"width: 50%;\">\n  <a href=\"http:\/\/www.dhagpo-kundreul.org\" target=\"_blank\" rel=\"noopener\">www.dhagpo-kundreul.org<\/a>\n<\/td>\n<td style=\"width: 50%;\">\n  <a href=\"mailto:contact@Ktl.web@dhagpo.org\">Ktl.web@dhagpo.org<\/a>\n<\/td>\n<\/tr>\n<\/tbody>\n<\/table>\n<p>[\/et_pb_toggle][et_pb_toggle title=\u00a0\u00bbKarma Mingyur Ling \/ Montchardon\u00a0\u00bb _builder_version=\u00a0\u00bb4.25.1&Prime; _module_preset=\u00a0\u00bbdefault\u00a0\u00bb global_colors_info=\u00a0\u00bb{}\u00a0\u00bb]<\/p>\n<table style=\"border-collapse: collapse; width: 100%;\" border=\"1\">\n<tbody>\n<tr>\n<td style=\"width: 50%;\">\n  <a href=\"https:\/\/www.montchardon.fr\/\" target=\"_blank\" rel=\"noopener\">https:\/\/www.montchardon.fr<\/a>\n<\/td>\n<td style=\"width: 50%;\">\n  <a href=\"mailto:accueil@montchardon.org\" target=\"_blank\" rel=\"noopener\">accueil@montchardon.org<\/a>\n<\/td>\n<\/tr>\n<\/tbody>\n<\/table>\n<p>[\/et_pb_toggle][et_pb_toggle title=\u00a0\u00bbBodhi Path Renchen Ulm\u00a0\u00bb _builder_version=\u00a0\u00bb4.25.0&Prime; _module_preset=\u00a0\u00bbdefault\u00a0\u00bb global_colors_info=\u00a0\u00bb{}\u00a0\u00bb]<\/p>\n<table style=\"border-collapse: collapse; width: 100%;\" border=\"1\">\n<tbody>\n<tr>\n<td width=\"201\" style=\"width: 50%;\">\n<p><a href=\"http:\/\/www.bodhipath-renchen-ulm.de\" target=\"_blank\" rel=\"noopener\">www.bodhipath-renchen-ulm.de<\/a><\/p>\n<\/td>\n<td style=\"width: 50%;\"><a href=\"mailto:info@bodhipath-renchen-ulm.de\" target=\"_blank\" rel=\"noopener\">info@bodhipath-renchen-ulm.de<\/a><\/td>\n<\/tr>\n<\/tbody>\n<\/table>\n<p>[\/et_pb_toggle][et_pb_toggle title=\u00a0\u00bbBodhi Path Bordo\u00a0\u00bb _builder_version=\u00a0\u00bb4.25.0&Prime; _module_preset=\u00a0\u00bbdefault\u00a0\u00bb global_colors_info=\u00a0\u00bb{}\u00a0\u00bb]<\/p>\n<table style=\"border-collapse: collapse; width: 100%;\" border=\"1\">\n<tbody>\n<tr>\n<td style=\"width: 50%;\">\n  <a href=\"http:\/\/www.bordo.org\" target=\"_blank\" rel=\"noopener\">www.bordo.org<\/a>\n<\/td>\n<td style=\"width: 50%;\">\n  <a href=\"mailto:bordo@bordo.org\" target=\"_blank\" rel=\"noopener\">bordo@bordo.org<\/a>\n<\/td>\n<\/tr>\n<\/tbody>\n<\/table>\n<p>[\/et_pb_toggle][\/et_pb_column][\/et_pb_row][et_pb_row _builder_version=\u00a0\u00bb4.27.4&Prime; _module_preset=\u00a0\u00bbdefault\u00a0\u00bb custom_margin=\u00a0\u00bb25px|auto|0px|auto|false|true\u00a0\u00bb custom_margin_tablet=\u00a0\u00bb-28px||||false|true\u00a0\u00bb custom_margin_phone=\u00a0\u00bb-88px||||false|true\u00a0\u00bb custom_margin_last_edited=\u00a0\u00bbon|phone\u00a0\u00bb global_colors_info=\u00a0\u00bb{}\u00a0\u00bb][et_pb_column type=\u00a0\u00bb4_4&Prime; _builder_version=\u00a0\u00bb4.27.4&Prime; _module_preset=\u00a0\u00bbdefault\u00a0\u00bb global_colors_info=\u00a0\u00bb{}\u00a0\u00bb][et_pb_text _builder_version=\u00a0\u00bb4.27.4&Prime; _module_preset=\u00a0\u00bbdefault\u00a0\u00bb global_colors_info=\u00a0\u00bb{}\u00a0\u00bb]<\/p>\n<h2>Suisse<\/h2>\n<p>[\/et_pb_text][\/et_pb_column][\/et_pb_row][et_pb_row column_structure=\u00a0\u00bb1_2,1_2&Prime; _builder_version=\u00a0\u00bb4.27.4&Prime; _module_preset=\u00a0\u00bbdefault\u00a0\u00bb custom_margin=\u00a0\u00bb-219px||||false|false\u00a0\u00bb global_colors_info=\u00a0\u00bb{}\u00a0\u00bb][et_pb_column type=\u00a0\u00bb1_2&Prime; _builder_version=\u00a0\u00bb4.25.0&Prime; _module_preset=\u00a0\u00bbdefault\u00a0\u00bb global_colors_info=\u00a0\u00bb{}\u00a0\u00bb][et_pb_toggle title=\u00a0\u00bbDhagpo Appenzell\u00a0\u00bb _builder_version=\u00a0\u00bb4.27.4&Prime; _module_preset=\u00a0\u00bbdefault\u00a0\u00bb custom_margin_tablet=\u00a0\u00bb\u00a0\u00bb custom_margin_phone=\u00a0\u00bb5px||||false|false\u00a0\u00bb custom_margin_last_edited=\u00a0\u00bbon|phone\u00a0\u00bb global_colors_info=\u00a0\u00bb{}\u00a0\u00bb]<\/p>\n<table style=\"border-collapse: collapse; width: 100%;\" border=\"1\">\n<tbody>\n<tr>\n<td style=\"width: 50%;\"><a href=\"https:\/\/dhagpo-switzerland.ch\/fr\/?page_id=36693\" target=\"_blank\" rel=\"noopener\">https:\/\/dhagpo-switzerland.ch\/dhagpo-appenzell\/<\/a><\/td>\n<td style=\"width: 50%;\">\n<p><a href=\"mailto:fabienne.berlinger@dhapgo-switzerland.ch\" target=\"_blank\" rel=\"noopener\"><\/a><\/p>\n<p><a href=\"mailto:sim1@gmx.ch\" target=\"_blank\" rel=\"noopener\">sim1@gmx.ch<\/a><\/p>\n<\/td>\n<\/tr>\n<\/tbody>\n<\/table>\n<p>[\/et_pb_toggle][et_pb_toggle title=\u00a0\u00bbDhagpo Berne\u00a0\u00bb _builder_version=\u00a0\u00bb4.27.4&Prime; _module_preset=\u00a0\u00bbdefault\u00a0\u00bb custom_margin_tablet=\u00a0\u00bb\u00a0\u00bb custom_margin_phone=\u00a0\u00bb5px||||false|false\u00a0\u00bb custom_margin_last_edited=\u00a0\u00bbon|phone\u00a0\u00bb global_colors_info=\u00a0\u00bb{}\u00a0\u00bb]<\/p>\n<table style=\"border-collapse: collapse; width: 100%;\" border=\"1\">\n<tbody>\n<tr>\n<td style=\"width: 50%;\"><a href=\"https:\/\/dhagpo-switzerland.ch\/fr\/dhagpo-bern\/\" target=\"_blank\" rel=\"noopener\">https:\/\/dhagpo-switzerland.ch\/dhagpo-bern\/<\/a><\/td>\n<td style=\"width: 50%;\">\n<p><a href=\"mailto:fabienne.berlinger@dhapgo-switzerland.ch\" target=\"_blank\" rel=\"noopener\"><\/a><\/p>\n<p><a href=\"mailto:info@dhagpo-switzerland.ch\" target=\"_blank\" rel=\"noopener\">info@dhagpo-switzerland.ch<\/a><\/p>\n<\/td>\n<\/tr>\n<\/tbody>\n<\/table>\n<p>[\/et_pb_toggle][et_pb_toggle title=\u00a0\u00bbDhagpo M\u00e4nnedorf\u00a0\u00bb _builder_version=\u00a0\u00bb4.27.4&Prime; _module_preset=\u00a0\u00bbdefault\u00a0\u00bb global_colors_info=\u00a0\u00bb{}\u00a0\u00bb]<\/p>\n<table style=\"border-collapse: collapse; width: 92.3251%;\" border=\"1\">\n<tbody>\n<tr>\n<td style=\"width: 50%;\"><a href=\"https:\/\/dhagpo-switzerland.ch\/fr\/dhagpo-maennedorf\/\" target=\"_blank\" rel=\"noopener\">https:\/\/dhagpo-switzerland.ch\/dhagpo-maennedorf\/<\/a><\/td>\n<td style=\"width: 25%;\">\n<p><a href=\"mailto:ruth.hebeisen@bluewin.ch\" target=\"_blank\" rel=\"noopener\"><\/a><\/p>\n<p><a href=\"mailto:maennedorf@dhagpo-switzerland.ch\" target=\"_blank\" rel=\"noopener\">maennedorf@dhagpo-switzerland.ch<\/a><\/p>\n<\/td>\n<\/tr>\n<\/tbody>\n<\/table>\n<p>[\/et_pb_toggle][et_pb_toggle title=\u00a0\u00bbDhagpo Z\u00fcrich\u00a0\u00bb _builder_version=\u00a0\u00bb4.27.4&Prime; _module_preset=\u00a0\u00bbdefault\u00a0\u00bb hover_enabled=\u00a0\u00bb0&Prime; global_colors_info=\u00a0\u00bb{}\u00a0\u00bb sticky_enabled=\u00a0\u00bb0&Prime;]<\/p>\n<table style=\"border-collapse: collapse; width: 100%;\" border=\"1\">\n<tbody>\n<tr>\n<td style=\"width: 50%;\">\n  <a href=\"https:\/\/dhagpo-switzerland.ch\/fr\/groupe-de-meditation-zurich\/\" target=\"_blank\" rel=\"noopener\">https:\/\/dhagpo-switzerland.ch\/meditationsgruppe-zuerich\/<\/a>\n<\/td>\n<td style=\"width: 50%;\">\n  <a href=\"mailto:lodjong@gmx.ch\" target=\"_blank\" rel=\"noopener\">lodjong@gmx.ch<\/a>\n<\/td>\n<\/tr>\n<\/tbody>\n<\/table>\n<p>[\/et_pb_toggle][\/et_pb_column][et_pb_column type=\u00a0\u00bb1_2&Prime; _builder_version=\u00a0\u00bb4.25.0&Prime; _module_preset=\u00a0\u00bbdefault\u00a0\u00bb global_colors_info=\u00a0\u00bb{}\u00a0\u00bb][et_pb_toggle title=\u00a0\u00bbGroupe de m\u00e9ditation \u00e0 B\u00fclach\u00a0\u00bb _builder_version=\u00a0\u00bb4.27.4&Prime; _module_preset=\u00a0\u00bbdefault\u00a0\u00bb global_colors_info=\u00a0\u00bb{}\u00a0\u00bb]<\/p>\n<table style=\"border-collapse: collapse; width: 100%;\" border=\"1\">\n<tbody>\n<tr>\n<td style=\"width: 50%;\"><a href=\"https:\/\/dhagpo-switzerland.ch\/fr\/groupe-de-meditation-buelach\/\" target=\"_blank\" rel=\"noopener\">https:\/\/dhagpo-switzerland.ch\/meditationsgruppe-buelach\/<\/a><\/td>\n<td style=\"width: 50%;\">\n<p><a href=\"mailto:maennedorf@dhagpo-switzerland.ch\" target=\"_blank\" rel=\"noopener\"><\/a><\/p>\n<p><a href=\"mailto:ruth.hebeisen@bluewin.ch\" target=\"_blank\" rel=\"noopener\">ruth.hebeisen@bluewin.ch<\/a><\/p>\n<\/td>\n<\/tr>\n<\/tbody>\n<\/table>\n<p>[\/et_pb_toggle][et_pb_toggle title=\u00a0\u00bbBodhi Path Z\u00fcrich\u00a0\u00bb _builder_version=\u00a0\u00bb4.25.0&Prime; _module_preset=\u00a0\u00bbdefault\u00a0\u00bb global_colors_info=\u00a0\u00bb{}\u00a0\u00bb]<\/p>\n<table style=\"border-collapse: collapse; width: 100%;\" border=\"1\">\n<tbody>\n<tr>\n<td style=\"width: 50%;\">\n  <a href=\"http:\/\/www.bodhipath-zurich.ch\/\" target=\"_blank\" rel=\"noopener\">http:\/\/www.bodhipath-zurich.ch\/<\/a>\n<\/td>\n<td style=\"width: 50%;\">\n  <a href=\"mailto:info@bodhipath-zurich.ch\" target=\"_blank\" rel=\"noopener\">info@bodhipath-zurich.ch<\/a>\n<\/td>\n<\/tr>\n<\/tbody>\n<\/table>\n<p>[\/et_pb_toggle][et_pb_toggle title=\u00a0\u00bbBodhi Path Basel\u00a0\u00bb _builder_version=\u00a0\u00bb4.27.4&Prime; _module_preset=\u00a0\u00bbdefault\u00a0\u00bb global_colors_info=\u00a0\u00bb{}\u00a0\u00bb]<\/p>\n<table style=\"border-collapse: collapse; width: 100%;\" border=\"1\">\n<tbody>\n<tr>\n<td style=\"width: 50%;\">\n  <a href=\"https:\/\/www.bodhipath-basel.ch\/bodhi-path-basel.html\" target=\"_blank\" rel=\"noopener\">http:\/\/www.bodhipath-basel.ch\/<\/a>\n<\/td>\n<td style=\"width: 50%;\">\n  <a href=\"mailto:info@bodhipath-basel.ch\" target=\"_blank\" rel=\"noopener\">info@bodhipath-basel.ch<\/a>\n<\/td>\n<\/tr>\n<\/tbody>\n<\/table>\n<p>[\/et_pb_toggle][et_pb_toggle title=\u00a0\u00bbCEBT Gen\u00e8ve\u00a0\u00bb _builder_version=\u00a0\u00bb4.25.0&Prime; _module_preset=\u00a0\u00bbdefault\u00a0\u00bb global_colors_info=\u00a0\u00bb{}\u00a0\u00bb]<\/p>\n<table style=\"border-collapse: collapse; width: 100%;\" border=\"1\">\n<tbody>\n<tr>\n<td style=\"width: 50%;\">\n  <a href=\"https:\/\/cebt-geneve.ch\" target=\"_blank\" rel=\"noopener\">https:\/\/cebt-geneve.ch<\/a>\n<\/td>\n<td style=\"width: 50%;\">\n  <a href=\"mailto:info@cebt-geneve.ch\" target=\"_blank\" rel=\"noopener\">info@cebt-geneve.ch<\/a>\n<\/td>\n<\/tr>\n<\/tbody>\n<\/table>\n<p>[\/et_pb_toggle][\/et_pb_column][\/et_pb_row][et_pb_row column_structure=\u00a0\u00bb1_2,1_2&Prime; _builder_version=\u00a0\u00bb4.25.1&Prime; _module_preset=\u00a0\u00bbdefault\u00a0\u00bb custom_margin=\u00a0\u00bb-30px||||false|false\u00a0\u00bb global_colors_info=\u00a0\u00bb{}\u00a0\u00bb][et_pb_column type=\u00a0\u00bb1_2&Prime; _builder_version=\u00a0\u00bb4.25.0&Prime; _module_preset=\u00a0\u00bbdefault\u00a0\u00bb global_colors_info=\u00a0\u00bb{}\u00a0\u00bb][et_pb_text _builder_version=\u00a0\u00bb4.27.4&Prime; _module_preset=\u00a0\u00bbdefault\u00a0\u00bb custom_margin=\u00a0\u00bb36px||35px||false|false\u00a0\u00bb global_colors_info=\u00a0\u00bb{}\u00a0\u00bb]<\/p>\n<h2>L&rsquo;Asie<\/h2>\n<p>[\/et_pb_text][\/et_pb_column][et_pb_column type=\u00a0\u00bb1_2&Prime; _builder_version=\u00a0\u00bb4.25.0&Prime; _module_preset=\u00a0\u00bbdefault\u00a0\u00bb global_colors_info=\u00a0\u00bb{}\u00a0\u00bb][\/et_pb_column][\/et_pb_row][et_pb_row column_structure=\u00a0\u00bb1_2,1_2&Prime; _builder_version=\u00a0\u00bb4.27.4&Prime; _module_preset=\u00a0\u00bbdefault\u00a0\u00bb min_height=\u00a0\u00bb0px\u00a0\u00bb custom_margin=\u00a0\u00bb-162px||90px||false|false\u00a0\u00bb global_colors_info=\u00a0\u00bb{}\u00a0\u00bb][et_pb_column type=\u00a0\u00bb1_2&Prime; _builder_version=\u00a0\u00bb4.25.0&Prime; _module_preset=\u00a0\u00bbdefault\u00a0\u00bb global_colors_info=\u00a0\u00bb{}\u00a0\u00bb][et_pb_toggle title=\u00a0\u00bb17. Karmapa Thaye Dorje\u00a0\u00bb _builder_version=\u00a0\u00bb4.25.0&Prime; _module_preset=\u00a0\u00bbdefault\u00a0\u00bb global_colors_info=\u00a0\u00bb{}\u00a0\u00bb]<\/p>\n<table style=\"border-collapse: collapse; width: 100%;\" border=\"1\">\n<tbody>\n<tr>\n<td style=\"width: 50%;\">\n  <a href=\"https:\/\/www.karmapa.org\" target=\"_blank\" rel=\"noopener\">https:\/\/www.karmapa.org<\/a>\n<\/td>\n<td style=\"width: 50%;\">\n  <a href=\"https:\/\/www.karmapa.org\/contact\/\" target=\"_blank\" rel=\"noopener\">https:\/\/www.karmapa.org\/contact\/<\/a>\n<\/td>\n<\/tr>\n<\/tbody>\n<\/table>\n<p>[\/et_pb_toggle][et_pb_toggle title=\u00a0\u00bbKarmapa International Buddhist Institute\u00a0\u00bb _builder_version=\u00a0\u00bb4.25.0&Prime; _module_preset=\u00a0\u00bbdefault\u00a0\u00bb global_colors_info=\u00a0\u00bb{}\u00a0\u00bb]<\/p>\n<table style=\"border-collapse: collapse; width: 100%;\" border=\"1\">\n<tbody>\n<tr>\n<td style=\"width: 50%;\">\n  <a href=\"https:\/\/www.kibi-edu.org\/\" target=\"_blank\" rel=\"noopener\">https:\/\/www.kibi-edu.org\/<\/a>\n<\/td>\n<td style=\"width: 50%;\">\n  <a href=\"mailto:info@kibi-edu.org.\" target=\"_blank\" rel=\"noopener\">info@kibi-edu.org.<\/a>\n<\/td>\n<\/tr>\n<\/tbody>\n<\/table>\n<p>[\/et_pb_toggle][\/et_pb_column][et_pb_column type=\u00a0\u00bb1_2&Prime; _builder_version=\u00a0\u00bb4.25.0&Prime; _module_preset=\u00a0\u00bbdefault\u00a0\u00bb global_colors_info=\u00a0\u00bb{}\u00a0\u00bb][et_pb_toggle title=\u00a0\u00bbThe Sharmapa\u00a0\u00bb _builder_version=\u00a0\u00bb4.25.0&Prime; _module_preset=\u00a0\u00bbdefault\u00a0\u00bb global_colors_info=\u00a0\u00bb{}\u00a0\u00bb]<\/p>\n<table style=\"border-collapse: collapse; width: 100%;\" border=\"1\">\n<tbody>\n<tr>\n<td style=\"width: 50%;\"><a href=\"https:\/\/shamarpa.org\" target=\"_blank\" rel=\"noopener\">https:\/\/shamarpa.org<\/a><\/td>\n<td style=\"width: 50%;\"><\/td>\n<\/tr>\n<\/tbody>\n<\/table>\n<p>[\/et_pb_toggle][et_pb_toggle title=\u00a0\u00bbKarmapa Center of Education\u00a0\u00bb _builder_version=\u00a0\u00bb4.25.0&Prime; _module_preset=\u00a0\u00bbdefault\u00a0\u00bb global_colors_info=\u00a0\u00bb{}\u00a0\u00bb]<\/p>\n<table style=\"border-collapse: collapse; width: 100%;\" border=\"1\">\n<tbody>\n<tr>\n<td style=\"width: 50%;\">\n  <a href=\"https:\/\/karmapa-education.org\/de\/\">https:\/\/karmapa-education.org\/de\/<\/a>\n<\/td>\n<td style=\"width: 50%;\">\n  <a href=\"mailto:info@karmapa-education.orgailto:\" target=\"_blank\" rel=\"noopener\"> info@karmapa-education.org<\/a>\n<\/td>\n<\/tr>\n<\/tbody>\n<\/table>\n<p>[\/et_pb_toggle][\/et_pb_column][\/et_pb_row][\/et_pb_section]<\/p>\n","protected":false},"excerpt":{"rendered":"<p>R\u00e9seauDes informations sur l&rsquo;enseignement du dharma bouddhiste, les cours et les retraites peuvent \u00eatre trouv\u00e9es ici.L&rsquo;Europe https:\/\/www.dhagpo.org contact@dhagpo.org www.dhagpo-dedrol.org https:\/\/dhagpo-moehra.org\/ info@dhagpo-moehra.org https:\/\/buddhistisches-zentrum-freiburg.de info@buddhistisches-zentrum-freiburg.de www.dhagpo-kundreul.org Ktl.web@dhagpo.org https:\/\/www.montchardon.fr accueil@montchardon.org www.bodhipath-renchen-ulm.de info@bodhipath-renchen-ulm.de www.bordo.org bordo@bordo.org Suisse https:\/\/dhagpo-switzerland.ch\/dhagpo-appenzell\/ sim1@gmx.ch https:\/\/dhagpo-switzerland.ch\/dhagpo-bern\/ info@dhagpo-switzerland.ch https:\/\/dhagpo-switzerland.ch\/dhagpo-maennedorf\/ maennedorf@dhagpo-switzerland.ch https:\/\/dhagpo-switzerland.ch\/meditationsgruppe-zuerich\/ lodjong@gmx.ch https:\/\/dhagpo-switzerland.ch\/meditationsgruppe-buelach\/ ruth.hebeisen@bluewin.ch http:\/\/www.bodhipath-zurich.ch\/ info@bodhipath-zurich.ch http:\/\/www.bodhipath-basel.ch\/ info@bodhipath-basel.ch https:\/\/cebt-geneve.ch info@cebt-geneve.ch L&rsquo;Asie https:\/\/www.karmapa.org https:\/\/www.karmapa.org\/contact\/ https:\/\/www.kibi-edu.org\/ info@kibi-edu.org. https:\/\/shamarpa.org https:\/\/karmapa-education.org\/de\/ [&hellip;]<\/p>\n","protected":false},"author":1,"featured_media":0,"parent":0,"menu_order":0,"comment_status":"closed","ping_status":"closed","template":"","meta":{"_et_pb_use_builder":"on","_et_pb_old_content":"","_et_gb_content_width":"","footnotes":""},"class_list":["post-33155","page","type-page","status-publish","hentry"],"_links":{"self":[{"href":"https:\/\/dhagpo-switzerland.ch\/fr\/wp-json\/wp\/v2\/pages\/33155","targetHints":{"allow":["GET"]}}],"collection":[{"href":"https:\/\/dhagpo-switzerland.ch\/fr\/wp-json\/wp\/v2\/pages"}],"about":[{"href":"https:\/\/dhagpo-switzerland.ch\/fr\/wp-json\/wp\/v2\/types\/page"}],"author":[{"embeddable":true,"href":"https:\/\/dhagpo-switzerland.ch\/fr\/wp-json\/wp\/v2\/users\/1"}],"replies":[{"embeddable":true,"href":"https:\/\/dhagpo-switzerland.ch\/fr\/wp-json\/wp\/v2\/comments?post=33155"}],"version-history":[{"count":26,"href":"https:\/\/dhagpo-switzerland.ch\/fr\/wp-json\/wp\/v2\/pages\/33155\/revisions"}],"predecessor-version":[{"id":36829,"href":"https:\/\/dhagpo-switzerland.ch\/fr\/wp-json\/wp\/v2\/pages\/33155\/revisions\/36829"}],"wp:attachment":[{"href":"https:\/\/dhagpo-switzerland.ch\/fr\/wp-json\/wp\/v2\/media?parent=33155"}],"curies":[{"name":"wp","href":"https:\/\/api.w.org\/{rel}","templated":true}]}}