{"id":35541,"date":"2025-03-04T12:51:41","date_gmt":"2025-03-04T11:51:41","guid":{"rendered":"https:\/\/dhagpo-switzerland.ch\/?page_id=35541"},"modified":"2025-03-05T22:51:52","modified_gmt":"2025-03-05T21:51:52","slug":"informations-sur-dhagpo-maennedorf","status":"publish","type":"page","link":"https:\/\/dhagpo-switzerland.ch\/fr\/informations-sur-dhagpo-maennedorf\/","title":{"rendered":"Informations sur Dhagpo M\u00e4nnedorf"},"content":{"rendered":"<p>[et_pb_section fb_built=\u00a0\u00bb1&Prime; _builder_version=\u00a0\u00bb4.21.0&Prime; _module_preset=\u00a0\u00bbdefault\u00a0\u00bb custom_padding=\u00a0\u00bb||0px|||\u00a0\u00bb global_colors_info=\u00a0\u00bb{}\u00a0\u00bb][et_pb_row _builder_version=\u00a0\u00bb4.21.0&Prime; _module_preset=\u00a0\u00bbdefault\u00a0\u00bb global_colors_info=\u00a0\u00bb{}\u00a0\u00bb][et_pb_column type=\u00a0\u00bb4_4&Prime; _builder_version=\u00a0\u00bb4.21.0&Prime; _module_preset=\u00a0\u00bbdefault\u00a0\u00bb global_colors_info=\u00a0\u00bb{}\u00a0\u00bb][et_pb_text _builder_version=\u00a0\u00bb4.27.4&Prime; _module_preset=\u00a0\u00bb6e9e1231-e426-41cb-a1d7-fb4d471b963c\u00a0\u00bb global_colors_info=\u00a0\u00bb{}\u00a0\u00bb]<\/p>\n<h2>Dhagpo M\u00e4nnedorf<\/h2>\n<p>[\/et_pb_text][\/et_pb_column][\/et_pb_row][et_pb_row _builder_version=\u00a0\u00bb4.21.0&Prime; _module_preset=\u00a0\u00bbdefault\u00a0\u00bb custom_margin=\u00a0\u00bb-40px|auto||auto||\u00a0\u00bb global_colors_info=\u00a0\u00bb{}\u00a0\u00bb][et_pb_column type=\u00a0\u00bb4_4&Prime; _builder_version=\u00a0\u00bb4.21.0&Prime; _module_preset=\u00a0\u00bbdefault\u00a0\u00bb global_colors_info=\u00a0\u00bb{}\u00a0\u00bb][et_pb_divider _builder_version=\u00a0\u00bb4.24.3&Prime; _module_preset=\u00a0\u00bbdefault\u00a0\u00bb custom_margin_tablet=\u00a0\u00bb\u00a0\u00bb custom_margin_phone=\u00a0\u00bb||10px||false|false\u00a0\u00bb custom_margin_last_edited=\u00a0\u00bbon|phone\u00a0\u00bb global_colors_info=\u00a0\u00bb{}\u00a0\u00bb][\/et_pb_divider][\/et_pb_column][\/et_pb_row][\/et_pb_section][et_pb_section fb_built=\u00a0\u00bb1&Prime; _builder_version=\u00a0\u00bb4.24.2&Prime; _module_preset=\u00a0\u00bbdefault\u00a0\u00bb custom_margin_tablet=\u00a0\u00bb\u00a0\u00bb custom_margin_phone=\u00a0\u00bb16px||||false|false\u00a0\u00bb custom_margin_last_edited=\u00a0\u00bbon|phone\u00a0\u00bb global_colors_info=\u00a0\u00bb{}\u00a0\u00bb][et_pb_row _builder_version=\u00a0\u00bb4.24.3&Prime; _module_preset=\u00a0\u00bbdefault\u00a0\u00bb custom_margin=\u00a0\u00bb-90px||53px||false|false\u00a0\u00bb custom_margin_tablet=\u00a0\u00bb-96px||-35px||false|false\u00a0\u00bb custom_margin_phone=\u00a0\u00bb-96px||-55px||false|false\u00a0\u00bb custom_margin_last_edited=\u00a0\u00bbon|phone\u00a0\u00bb global_colors_info=\u00a0\u00bb{}\u00a0\u00bb][et_pb_column type=\u00a0\u00bb4_4&Prime; _builder_version=\u00a0\u00bb4.22.2&Prime; _module_preset=\u00a0\u00bbdefault\u00a0\u00bb global_colors_info=\u00a0\u00bb{}\u00a0\u00bb][et_pb_text _builder_version=\u00a0\u00bb4.27.4&Prime; _module_preset=\u00a0\u00bbdefault\u00a0\u00bb custom_margin_tablet=\u00a0\u00bb\u00a0\u00bb custom_margin_phone=\u00a0\u00bb||60px||false|false\u00a0\u00bb custom_margin_last_edited=\u00a0\u00bbon|phone\u00a0\u00bb global_colors_info=\u00a0\u00bb{}\u00a0\u00bb]<\/p>\n<header class=\"entry-header\">\n<h1 class=\"entry-title\">Informations sur les activit\u00e9s \u00e0 M\u00e4nnedorf\/Zurich<\/h1>\n<\/header>\n<div class=\"entry-content\">\n<p>&nbsp;<\/p>\n<p><strong>Site:<\/strong> Raum Kerner ou Kleiner Saal (tous deux \u00e0 la maison communale) \u2022 Zentrum Leue<br \/>\nAlte Landstrasse 250 \u2022 8708 M\u00e4nnedorf<\/p>\n<p>S7 \u00e0 partir de la gare centrale\/Stadelhofen en direction de Rapperswil, puis 5 min \u00e0 pied, passage souterrain en direction du c\u00f4t\u00e9 montagne.<\/p>\n<p><strong>Donation (Dana): <\/strong><br \/>\npour des explications\/dialogues avec Lama Irene &#8211; sur place: Cash ou Twint<\/p>\n<p><strong>Contribution \u00e0 l&rsquo;organisation \u00e0 Dhagpo Switzerland\/M\u00e4nnedorf:<\/strong><br \/>\nNon-membres CHF 25 \/ membres CH 20<\/p>\n<p><strong>Paiement<\/strong>: sur place, en cash, par Twint ou via le site web<\/p>\n<\/div>\n<p>[\/et_pb_text][\/et_pb_column][\/et_pb_row][\/et_pb_section]<\/p>\n","protected":false},"excerpt":{"rendered":"<p>Dhagpo M\u00e4nnedorf Informations sur les activit\u00e9s \u00e0 M\u00e4nnedorf\/Zurich &nbsp; Site: Raum Kerner ou Kleiner Saal (tous deux \u00e0 la maison communale) \u2022 Zentrum Leue Alte Landstrasse 250 \u2022 8708 M\u00e4nnedorf S7 \u00e0 partir de la gare centrale\/Stadelhofen en direction de Rapperswil, puis 5 min \u00e0 pied, passage souterrain en direction du c\u00f4t\u00e9 montagne. Donation (Dana): [&hellip;]<\/p>\n","protected":false},"author":1,"featured_media":0,"parent":0,"menu_order":0,"comment_status":"closed","ping_status":"closed","template":"","meta":{"_et_pb_use_builder":"on","_et_pb_old_content":"","_et_gb_content_width":"","footnotes":""},"class_list":["post-35541","page","type-page","status-publish","hentry"],"_links":{"self":[{"href":"https:\/\/dhagpo-switzerland.ch\/fr\/wp-json\/wp\/v2\/pages\/35541","targetHints":{"allow":["GET"]}}],"collection":[{"href":"https:\/\/dhagpo-switzerland.ch\/fr\/wp-json\/wp\/v2\/pages"}],"about":[{"href":"https:\/\/dhagpo-switzerland.ch\/fr\/wp-json\/wp\/v2\/types\/page"}],"author":[{"embeddable":true,"href":"https:\/\/dhagpo-switzerland.ch\/fr\/wp-json\/wp\/v2\/users\/1"}],"replies":[{"embeddable":true,"href":"https:\/\/dhagpo-switzerland.ch\/fr\/wp-json\/wp\/v2\/comments?post=35541"}],"version-history":[{"count":9,"href":"https:\/\/dhagpo-switzerland.ch\/fr\/wp-json\/wp\/v2\/pages\/35541\/revisions"}],"predecessor-version":[{"id":35633,"href":"https:\/\/dhagpo-switzerland.ch\/fr\/wp-json\/wp\/v2\/pages\/35541\/revisions\/35633"}],"wp:attachment":[{"href":"https:\/\/dhagpo-switzerland.ch\/fr\/wp-json\/wp\/v2\/media?parent=35541"}],"curies":[{"name":"wp","href":"https:\/\/api.w.org\/{rel}","templated":true}]}}