{"id":37181,"date":"2025-12-04T16:51:26","date_gmt":"2025-12-04T15:51:26","guid":{"rendered":"https:\/\/dhagpo-switzerland.ch\/?page_id=37181"},"modified":"2026-02-05T23:15:37","modified_gmt":"2026-02-05T22:15:37","slug":"s-2023","status":"publish","type":"page","link":"https:\/\/dhagpo-switzerland.ch\/fr\/s-2023\/","title":{"rendered":"S-2023"},"content":{"rendered":"<p>[et_pb_section fb_built=\u00a0\u00bb1&Prime; _builder_version=\u00a0\u00bb4.27.4&Prime; _module_preset=\u00a0\u00bbdefault\u00a0\u00bb background_color=\u00a0\u00bbRGBA(255,255,255,0)\u00a0\u00bb background_image=\u00a0\u00bbhttps:\/\/dhagpo-switzerland.ch\/wp-content\/uploads\/2025\/12\/20230902-0-1-182-scaled.jpg\u00a0\u00bb min_height=\u00a0\u00bb391.5px\u00a0\u00bb mix_blend_mode=\u00a0\u00bbluminosity\u00a0\u00bb border_color_all=\u00a0\u00bb#FFFFFF\u00a0\u00bb border_style_all=\u00a0\u00bbdashed\u00a0\u00bb global_colors_info=\u00a0\u00bb{}\u00a0\u00bb][\/et_pb_section][et_pb_section fb_built=\u00a0\u00bb1&Prime; _builder_version=\u00a0\u00bb4.27.2&Prime; _module_preset=\u00a0\u00bbdefault\u00a0\u00bb width=\u00a0\u00bb100%\u00a0\u00bb min_height=\u00a0\u00bb907.3px\u00a0\u00bb global_colors_info=\u00a0\u00bb{}\u00a0\u00bb][et_pb_row _builder_version=\u00a0\u00bb4.27.5&Prime; _module_preset=\u00a0\u00bbdefault\u00a0\u00bb custom_margin=\u00a0\u00bb0px||||false|false\u00a0\u00bb custom_padding=\u00a0\u00bb0px||37px||false|false\u00a0\u00bb global_colors_info=\u00a0\u00bb{}\u00a0\u00bb][et_pb_column type=\u00a0\u00bb4_4&Prime; _builder_version=\u00a0\u00bb4.21.0&Prime; _module_preset=\u00a0\u00bbdefault\u00a0\u00bb global_colors_info=\u00a0\u00bb{}\u00a0\u00bb][et_pb_text _builder_version=\u00a0\u00bb4.27.4&Prime; _module_preset=\u00a0\u00bbdefault\u00a0\u00bb custom_margin=\u00a0\u00bb||-15px|||\u00a0\u00bb global_colors_info=\u00a0\u00bb{}\u00a0\u00bb]<\/p>\n<h5><i class=\"\">Weekend du dharma avec Nedo Rinpoch\u00e9<\/i><em><\/em><i class=\"\"><\/i><\/h5>\n<div class=\"\"><i class=\"\">2.-3. September 2023 | M\u00e4nnedorf-Z\u00fcrich<\/i><\/div>\n<div class=\"\"><i class=\"\"> <\/i><\/div>\n<p><em>L&rsquo;atmosph\u00e8re du deuxi\u00e8me grand \u00e9v\u00e9nement de Dhagpo-Switzerland \u00e9tait caract\u00e9ris\u00e9e par une sangha internationale chaleureuse, d\u00e9tendue et int\u00e9ress\u00e9e. Nedo Rinpoch\u00e9 est le ma\u00eetre vajra du 17\u00e8me Gyalwa Karmapa Trinlay Thaye Dorje et \u00e9tait notre invit\u00e9 d&rsquo;honneur cette ann\u00e9e. Il a donn\u00e9 des enseignements encourageants et vivifiants sur la mani\u00e8re d&rsquo;int\u00e9grer le dharma dans la vie quotidienne et des transmissions sur Tchenr\u00e9zig, Amithaba et Amitayus.<\/em><br \/><em>Dhagpo Switzerland a pr\u00e9sent\u00e9 un \u00ab\u00a0P\u00e8lerinage au Sikkim\u00a0\u00bb, avec diff\u00e9rentes \u00e9tapes : l&rsquo;origine du grand mandala Dhagpo, les monast\u00e8res de la lign\u00e9e Karma Kagyu \u00e0 Rumtek, des biographies de Nedo Rinpoche et du ma\u00eetre de m\u00e9ditation Lama Choyeng et le projet de temple pr\u00e9vu \u00e0 Pakyong. L&rsquo;\u00e9v\u00e9nement a \u00e9t\u00e9 encadr\u00e9 par une pratique commune, une puja de Milarepa Tsok et une joyeuse r\u00e9union.<\/em><br \/><em>L&rsquo;\u00e9ducation des novices du couvent Karma Chokor Dechen \u00e0 Rumtek, Sikkim, a \u00e9t\u00e9 soutenue par une <a href=\"https:\/\/emea01.safelinks.protection.outlook.com\/?url=https%3A%2F%2Fdhagpo-switzerland.ch%2Ffundraising%2F&amp;data=05%7C01%7C%7C0725d1f5ca0844a3f6fb08dbd31708cd%7C84df9e7fe9f640afb435aaaaaaaaaaaa%7C1%7C0%7C638335868114811195%7CUnknown%7CTWFpbGZsb3d8eyJWIjoiMC4wLjAwMDAiLCJQIjoiV2luMzIiLCJBTiI6Ik1haWwiLCJXVCI6Mn0%3D%7C3000%7C%7C%7C&amp;sdata=IJCBBpw51hKoiTf3TjFM%2FCp79Sg%2F9OhgqKhCU6PkWno%3D&amp;reserved=0\" target=\"_blank\" rel=\"noopener noreferrer\" data-auth=\"Verified\" originalsrc=\"https:\/\/dhagpo-switzerland.ch\/fundraising\/\" shash=\"aLf+1s7kdZDjwmRWVjteT+E4ss7H4nk4Ihw6vaIlnPPPAAFie35zZTw5XXta8FRf2XYkr9\/o40bMJYqR3d23ToMr8JnSuT0A6dMyP0uBtbx6444RlGTBlRCoi\/KyCzON3UP0W9NUKweyRG7Fvs1S18zrH634i5bLH35jBK0z3pU=\" title=\"Protected by Outlook: https:\/\/dhagpo-switzerland.ch\/fundraising\/. Click or tap to follow the link.\" data-linkindex=\"0\">collecte de dons<\/a>. <\/em><\/p>\n<p>[\/et_pb_text][\/et_pb_column][\/et_pb_row][et_pb_row _builder_version=\u00a0\u00bb4.27.5&Prime; _module_preset=\u00a0\u00bbdefault\u00a0\u00bb locked=\u00a0\u00bboff\u00a0\u00bb global_colors_info=\u00a0\u00bb{}\u00a0\u00bb][et_pb_column type=\u00a0\u00bb4_4&Prime; _builder_version=\u00a0\u00bb4.27.5&Prime; _module_preset=\u00a0\u00bbdefault\u00a0\u00bb global_colors_info=\u00a0\u00bb{}\u00a0\u00bb][et_pb_gallery gallery_ids=\u00a0\u00bb37196,37202,37193,37208,37199,37205&Prime; posts_number=\u00a0\u00bb6&Prime; show_title_and_caption=\u00a0\u00bboff\u00a0\u00bb show_pagination=\u00a0\u00bboff\u00a0\u00bb _builder_version=\u00a0\u00bb4.27.5&Prime; _module_preset=\u00a0\u00bbdefault\u00a0\u00bb global_colors_info=\u00a0\u00bb{}\u00a0\u00bb][\/et_pb_gallery][\/et_pb_column][\/et_pb_row][\/et_pb_section]<\/p>\n","protected":false},"excerpt":{"rendered":"<p>Weekend du dharma avec Nedo Rinpoch\u00e9 2.-3. September 2023 | M\u00e4nnedorf-Z\u00fcrich L&rsquo;atmosph\u00e8re du deuxi\u00e8me grand \u00e9v\u00e9nement de Dhagpo-Switzerland \u00e9tait caract\u00e9ris\u00e9e par une sangha internationale chaleureuse, d\u00e9tendue et int\u00e9ress\u00e9e. Nedo Rinpoch\u00e9 est le ma\u00eetre vajra du 17\u00e8me Gyalwa Karmapa Trinlay Thaye Dorje et \u00e9tait notre invit\u00e9 d&rsquo;honneur cette ann\u00e9e. Il a donn\u00e9 des enseignements encourageants et [&hellip;]<\/p>\n","protected":false},"author":1,"featured_media":0,"parent":0,"menu_order":0,"comment_status":"closed","ping_status":"closed","template":"","meta":{"_et_pb_use_builder":"on","_et_pb_old_content":"","_et_gb_content_width":"","footnotes":""},"class_list":["post-37181","page","type-page","status-publish","hentry"],"_links":{"self":[{"href":"https:\/\/dhagpo-switzerland.ch\/fr\/wp-json\/wp\/v2\/pages\/37181","targetHints":{"allow":["GET"]}}],"collection":[{"href":"https:\/\/dhagpo-switzerland.ch\/fr\/wp-json\/wp\/v2\/pages"}],"about":[{"href":"https:\/\/dhagpo-switzerland.ch\/fr\/wp-json\/wp\/v2\/types\/page"}],"author":[{"embeddable":true,"href":"https:\/\/dhagpo-switzerland.ch\/fr\/wp-json\/wp\/v2\/users\/1"}],"replies":[{"embeddable":true,"href":"https:\/\/dhagpo-switzerland.ch\/fr\/wp-json\/wp\/v2\/comments?post=37181"}],"version-history":[{"count":10,"href":"https:\/\/dhagpo-switzerland.ch\/fr\/wp-json\/wp\/v2\/pages\/37181\/revisions"}],"predecessor-version":[{"id":37827,"href":"https:\/\/dhagpo-switzerland.ch\/fr\/wp-json\/wp\/v2\/pages\/37181\/revisions\/37827"}],"wp:attachment":[{"href":"https:\/\/dhagpo-switzerland.ch\/fr\/wp-json\/wp\/v2\/media?parent=37181"}],"curies":[{"name":"wp","href":"https:\/\/api.w.org\/{rel}","templated":true}]}}