{"id":37223,"date":"2025-12-04T16:50:04","date_gmt":"2025-12-04T15:50:04","guid":{"rendered":"https:\/\/dhagpo-switzerland.ch\/?page_id=37223"},"modified":"2026-02-05T23:15:24","modified_gmt":"2026-02-05T22:15:24","slug":"s-2024","status":"publish","type":"page","link":"https:\/\/dhagpo-switzerland.ch\/fr\/s-2024\/","title":{"rendered":"S-2024"},"content":{"rendered":"<p>[et_pb_section fb_built=\u00a0\u00bb1&Prime; _builder_version=\u00a0\u00bb4.27.4&Prime; _module_preset=\u00a0\u00bbdefault\u00a0\u00bb background_color=\u00a0\u00bbRGBA(255,255,255,0)\u00a0\u00bb background_image=\u00a0\u00bbhttps:\/\/dhagpo-switzerland.ch\/wp-content\/uploads\/2024\/11\/DSC_1718-copy.jpg\u00a0\u00bb min_height=\u00a0\u00bb391.5px\u00a0\u00bb mix_blend_mode=\u00a0\u00bbluminosity\u00a0\u00bb border_color_all=\u00a0\u00bb#FFFFFF\u00a0\u00bb border_style_all=\u00a0\u00bbdashed\u00a0\u00bb global_colors_info=\u00a0\u00bb{}\u00a0\u00bb][\/et_pb_section][et_pb_section fb_built=\u00a0\u00bb1&Prime; _builder_version=\u00a0\u00bb4.27.2&Prime; _module_preset=\u00a0\u00bbdefault\u00a0\u00bb width=\u00a0\u00bb100%\u00a0\u00bb min_height=\u00a0\u00bb907.3px\u00a0\u00bb global_colors_info=\u00a0\u00bb{}\u00a0\u00bb][et_pb_row _builder_version=\u00a0\u00bb4.27.5&Prime; _module_preset=\u00a0\u00bbdefault\u00a0\u00bb custom_margin=\u00a0\u00bb0px||||false|false\u00a0\u00bb custom_padding=\u00a0\u00bb0px||37px||false|false\u00a0\u00bb global_colors_info=\u00a0\u00bb{}\u00a0\u00bb][et_pb_column type=\u00a0\u00bb4_4&Prime; _builder_version=\u00a0\u00bb4.21.0&Prime; _module_preset=\u00a0\u00bbdefault\u00a0\u00bb global_colors_info=\u00a0\u00bb{}\u00a0\u00bb][et_pb_text _builder_version=\u00a0\u00bb4.27.4&Prime; _module_preset=\u00a0\u00bbdefault\u00a0\u00bb custom_margin=\u00a0\u00bb||-15px|||\u00a0\u00bb global_colors_info=\u00a0\u00bb{}\u00a0\u00bb]<\/p>\n<h5><i class=\"\">Semaine du dharma avec Jigm\u00e9 Rinpoch\u00e9<\/i><em><\/em><\/h5>\n<div class=\"\"><i class=\"\">31 ao\u00fbt au 6 septembre 2024 | M\u00e4nnedorf-Z\u00fcrich<\/i><\/div>\n<div class=\"\"><i class=\"\"> <\/i><\/div>\n<p style=\"margin: 0cm; font-family: Calibri, sans-serif; color: #000000 !important; vertical-align: baseline;\" class=\"x_MsoNormal\"><i><span style=\"font-family: 'Open Sans', sans-serif, serif, EmojiFont; color: #666666 !important; border: 1pt windowtext; padding: 0cm;\" data-olk-copy-source=\"MessageBody\">Lors de notre troisi\u00e8me grand \u00e9v\u00e9nement, nous avons eu la grande joie et l&rsquo;honneur de pouvoir accueillir, pendant toute une semaine, Jigm\u00e9 Rinpoch\u00e9.<br \/>Le week-end, Jigm\u00e9 Rinpoch\u00e9 a donn\u00e9 l\u2019initiation du Bouddha de la m\u00e9decine et du 15\u00e8me Karmapa, accompagn\u00e9e de ses pr\u00e9cieux enseignements du dharma. Samedi, Dhagpo Switzerland a pr\u00e9sent\u00e9 le \u00ab Cercle d&rsquo;amis des nonnes de Rumtek \u00bb et le projet de construction d\u2019un temple en bois \u00e0 Dikling (Sikkim). Dimanche, l&rsquo;\u00e9quipe de Dhagpo a pr\u00e9sent\u00e9 son institut.  <\/span><\/i><\/p>\n<p style=\"margin: 0cm; font-family: Calibri, sans-serif; color: #000000 !important; vertical-align: baseline;\" class=\"x_MsoNormal\"><i><span style=\"font-family: 'Open Sans', sans-serif, serif, EmojiFont; color: #666666 !important; border: 1pt windowtext; padding: 0cm;\">Lundi soir, nous avons organis\u00e9 un \u00e9v\u00e9nement culturel: le vernissage du livre de Jigm\u00e9 Rinpoch\u00e9 \u00abManuel des H\u00e9ros Ordinaires\u00bb. Pendant la semaine, Jigm\u00e9 Rinpoch\u00e9 a donn\u00e9, dans un cadre plus restreint, plusieurs enseignements du dharma sur le Bouddha Tchenr\u00e9zi, l&rsquo;amour, la compassion et la sagesse au quotidien. Chaque jour, nous pratiquions ensemble la m\u00e9ditation silencieuse et la pratique de Tchenr\u00e9zi.  <\/span><\/i><\/p>\n<p style=\"margin: 0cm; font-family: Calibri, sans-serif; color: #000000 !important; vertical-align: baseline;\" class=\"x_MsoNormal\"><i><span style=\"font-family: 'Open Sans', sans-serif, serif, EmojiFont; color: #666666 !important; border: 1pt windowtext; padding: 0cm;\">Une introduction \u00e0 l&rsquo;histoire du bouddhisme avec l&rsquo;\u00e9quipe de l&rsquo;Institut Dhagpo, des groupes d&rsquo;\u00e9change sur les enseignements de Jigme Rinpoch\u00e9 ainsi que les explications de Lama Ch\u00f6nyi sur la pratique du Bouddha de m\u00e9decine ont \u00e9t\u00e9, au cours de la semaine, les autres points du programme.<span class=\"x_gmail-Apple-converted-space\"> <\/span><\/span><\/i><\/p>\n<p>[\/et_pb_text][\/et_pb_column][\/et_pb_row][et_pb_row _builder_version=\u00a0\u00bb4.27.5&Prime; _module_preset=\u00a0\u00bbdefault\u00a0\u00bb locked=\u00a0\u00bboff\u00a0\u00bb global_colors_info=\u00a0\u00bb{}\u00a0\u00bb][et_pb_column type=\u00a0\u00bb4_4&Prime; _builder_version=\u00a0\u00bb4.27.5&Prime; _module_preset=\u00a0\u00bbdefault\u00a0\u00bb global_colors_info=\u00a0\u00bb{}\u00a0\u00bb][et_pb_gallery gallery_ids=\u00a0\u00bb37255,37252,37249,37246,37243,37240,37237,37234,37231&Prime; posts_number=\u00a0\u00bb9&Prime; show_title_and_caption=\u00a0\u00bboff\u00a0\u00bb show_pagination=\u00a0\u00bboff\u00a0\u00bb _builder_version=\u00a0\u00bb4.27.5&Prime; _module_preset=\u00a0\u00bbdefault\u00a0\u00bb global_colors_info=\u00a0\u00bb{}\u00a0\u00bb][\/et_pb_gallery][\/et_pb_column][\/et_pb_row][\/et_pb_section]<\/p>\n","protected":false},"excerpt":{"rendered":"<p>Semaine du dharma avec Jigm\u00e9 Rinpoch\u00e9 31 ao\u00fbt au 6 septembre 2024 | M\u00e4nnedorf-Z\u00fcrich Lors de notre troisi\u00e8me grand \u00e9v\u00e9nement, nous avons eu la grande joie et l&rsquo;honneur de pouvoir accueillir, pendant toute une semaine, Jigm\u00e9 Rinpoch\u00e9.Le week-end, Jigm\u00e9 Rinpoch\u00e9 a donn\u00e9 l\u2019initiation du Bouddha de la m\u00e9decine et du 15\u00e8me Karmapa, accompagn\u00e9e de ses [&hellip;]<\/p>\n","protected":false},"author":1,"featured_media":0,"parent":0,"menu_order":0,"comment_status":"closed","ping_status":"closed","template":"","meta":{"_et_pb_use_builder":"on","_et_pb_old_content":"","_et_gb_content_width":"","footnotes":""},"class_list":["post-37223","page","type-page","status-publish","hentry"],"_links":{"self":[{"href":"https:\/\/dhagpo-switzerland.ch\/fr\/wp-json\/wp\/v2\/pages\/37223","targetHints":{"allow":["GET"]}}],"collection":[{"href":"https:\/\/dhagpo-switzerland.ch\/fr\/wp-json\/wp\/v2\/pages"}],"about":[{"href":"https:\/\/dhagpo-switzerland.ch\/fr\/wp-json\/wp\/v2\/types\/page"}],"author":[{"embeddable":true,"href":"https:\/\/dhagpo-switzerland.ch\/fr\/wp-json\/wp\/v2\/users\/1"}],"replies":[{"embeddable":true,"href":"https:\/\/dhagpo-switzerland.ch\/fr\/wp-json\/wp\/v2\/comments?post=37223"}],"version-history":[{"count":9,"href":"https:\/\/dhagpo-switzerland.ch\/fr\/wp-json\/wp\/v2\/pages\/37223\/revisions"}],"predecessor-version":[{"id":37831,"href":"https:\/\/dhagpo-switzerland.ch\/fr\/wp-json\/wp\/v2\/pages\/37223\/revisions\/37831"}],"wp:attachment":[{"href":"https:\/\/dhagpo-switzerland.ch\/fr\/wp-json\/wp\/v2\/media?parent=37223"}],"curies":[{"name":"wp","href":"https:\/\/api.w.org\/{rel}","templated":true}]}}