{"id":37565,"date":"2026-02-05T17:57:31","date_gmt":"2026-02-05T16:57:31","guid":{"rendered":"https:\/\/dhagpo-switzerland.ch\/?page_id=37565"},"modified":"2026-02-05T23:30:30","modified_gmt":"2026-02-05T22:30:30","slug":"s-2025","status":"publish","type":"page","link":"https:\/\/dhagpo-switzerland.ch\/fr\/s-2025\/","title":{"rendered":"S-2025"},"content":{"rendered":"<p>[et_pb_section fb_built=\u00a0\u00bb1&Prime; _builder_version=\u00a0\u00bb4.27.5&Prime; _module_preset=\u00a0\u00bbdefault\u00a0\u00bb background_color=\u00a0\u00bbRGBA(255,255,255,0)\u00a0\u00bb background_image=\u00a0\u00bbhttps:\/\/dhagpo-switzerland.ch\/wp-content\/uploads\/2026\/02\/20250830-7-9-copy-1-scaled.jpg\u00a0\u00bb min_height=\u00a0\u00bb391.5px\u00a0\u00bb mix_blend_mode=\u00a0\u00bbluminosity\u00a0\u00bb border_color_all=\u00a0\u00bb#FFFFFF\u00a0\u00bb border_style_all=\u00a0\u00bbdashed\u00a0\u00bb global_colors_info=\u00a0\u00bb{}\u00a0\u00bb][\/et_pb_section][et_pb_section fb_built=\u00a0\u00bb1&Prime; _builder_version=\u00a0\u00bb4.27.2&Prime; _module_preset=\u00a0\u00bbdefault\u00a0\u00bb width=\u00a0\u00bb100%\u00a0\u00bb min_height=\u00a0\u00bb798.3px\u00a0\u00bb custom_padding=\u00a0\u00bb||115px|||\u00a0\u00bb global_colors_info=\u00a0\u00bb{}\u00a0\u00bb][et_pb_row _builder_version=\u00a0\u00bb4.27.5&Prime; _module_preset=\u00a0\u00bbdefault\u00a0\u00bb custom_margin=\u00a0\u00bb0px||||false|false\u00a0\u00bb custom_padding=\u00a0\u00bb0px||37px||false|false\u00a0\u00bb global_colors_info=\u00a0\u00bb{}\u00a0\u00bb][et_pb_column type=\u00a0\u00bb4_4&Prime; _builder_version=\u00a0\u00bb4.21.0&Prime; _module_preset=\u00a0\u00bbdefault\u00a0\u00bb global_colors_info=\u00a0\u00bb{}\u00a0\u00bb][et_pb_text _builder_version=\u00a0\u00bb4.27.5&Prime; _module_preset=\u00a0\u00bbdefault\u00a0\u00bb custom_margin=\u00a0\u00bb||-15px|||\u00a0\u00bb hover_enabled=\u00a0\u00bb0&Prime; global_colors_info=\u00a0\u00bb{}\u00a0\u00bb sticky_enabled=\u00a0\u00bb0&Prime;]<\/p>\n<h5><i class=\"\">Semaine du dharma avec Jigm\u00e9 Rinpoch\u00e9<\/i><\/h5>\n<div class=\"\"><i class=\"\">31 a\u00f4ut au 4 septembre 2025 | M\u00e4nnedorf-Z\u00fcrich<\/i><\/div>\n<div class=\"\">\u00a0<\/div>\n<p><em>Pour la deuxi\u00e8me fois d\u00e9j\u00e0, nous avons eu le privil\u00e8ge d&rsquo;accueillir Lama Jigm\u00e9 Rinpoch\u00e9 pendant toute une semaine \u00e0 l&rsquo;occasion de notre grand \u00e9v\u00e9nement annuel. Le week-end, il a donn\u00e9 l&rsquo;initiation \u00e0 \u00ab Manjushri sur le lion \u00bb et \u00e0 \u00ab Tara verte \u00bb, apr\u00e8s avoir dispens\u00e9 de pr\u00e9cieux enseignements du Dharma.Cette ann\u00e9e, notre visite venue d&rsquo;Inde a \u00e9t\u00e9 particuli\u00e8rement enrichissante : Ani Tsultrim, la directrice du couvent de Rumtek, pour lequel nous collectons des fonds depuis notre premier grand \u00e9v\u00e9nement en 2022, et Ragav, l&rsquo;un des charpentiers du temple en bois de Dikling, \u00e9taient nos invit\u00e9s.<br \/><\/em><em>Cette ann\u00e9e, notre visite venue d&rsquo;Inde a \u00e9t\u00e9 particuli\u00e8rement enrichissante : Ani Tsultrim, la directrice du couvent de Rumtek, pour lequel nous collectons des fonds depuis notre premier grand \u00e9v\u00e9nement en 2022, et Ragav, l&rsquo;un des charpentiers du temple en bois de Dikling, \u00e9taient nos invit\u00e9s.<br \/><\/em><em>Le samedi, nous avons projet\u00e9 un court m\u00e9trage sur les deux projets et collect\u00e9 des dons pour le \u00ab Cercle des amis des nonnes de Rumtek \u00bb et pour le \u00ab Temple en bois de Dikling \u00bb. Le dimanche midi, l&rsquo;\u00e9quipe Dhagpo a pr\u00e9sent\u00e9 son institut \u00e0 travers un documentaire int\u00e9ressant.<br \/><\/em><em>Cette ann\u00e9e encore, nous avons organis\u00e9 lundi soir un \u00e9v\u00e9nement culturel avec le lancement du nouveau livre de Lama Jigme Rinpoch\u00e9, \u00ab G\u00e9rer ses \u00e9motions \u00bb. Au cours de la semaine, Lama Jigme Rinpoch\u00e9 a donn\u00e9 dans un cadre plus restreint diff\u00e9rents enseignements du Dharma sur la gestion des \u00e9motions au quotidien \u00e0 partir de la pratique de Tchenresi.<br \/><\/em><em>Les \u00e9tudiants de l&rsquo;Institut Dhagpo ont pr\u00e9sent\u00e9 l&rsquo;apr\u00e8s-midi : \u00ab Un aper\u00e7u de l&rsquo;histoire de la lign\u00e9e Karma Kagyu du bouddhisme \u00bb et Lama Ch\u00f6nyis a donn\u00e9 des explications sur la pratique de Tara Verte. Nous avons pratiqu\u00e9 quotidiennement la m\u00e9ditation silencieuse, l&rsquo;entra\u00eenement Sheng Zhen et la pratique Tschenresi ensemble. Une semaine du Dharma si riche que Lama Jigme Rinpoch\u00e9 a d\u00e9clar\u00e9 \u00e0 la fin : \u00ab C&rsquo;\u00e9tait parfait ! \u00bb Nous attendons d\u00e9j\u00e0 avec impatience l&rsquo;ann\u00e9e prochaine ! <\/em><\/p>\n<p>&nbsp;<\/p>\n<p>[\/et_pb_text][\/et_pb_column][\/et_pb_row][et_pb_row _builder_version=\u00a0\u00bb4.27.5&Prime; _module_preset=\u00a0\u00bbdefault\u00a0\u00bb locked=\u00a0\u00bboff\u00a0\u00bb global_colors_info=\u00a0\u00bb{}\u00a0\u00bb][et_pb_column type=\u00a0\u00bb4_4&Prime; _builder_version=\u00a0\u00bb4.27.5&Prime; _module_preset=\u00a0\u00bbdefault\u00a0\u00bb global_colors_info=\u00a0\u00bb{}\u00a0\u00bb][et_pb_gallery gallery_ids=\u00a0\u00bb37671,37672,37673,37674,37675,37676,37677,37678,37679,37680,37681,37682,37683,37684,37685,37686&Prime; posts_number=\u00a0\u00bb16&Prime; show_title_and_caption=\u00a0\u00bboff\u00a0\u00bb show_pagination=\u00a0\u00bboff\u00a0\u00bb _builder_version=\u00a0\u00bb4.27.5&Prime; _module_preset=\u00a0\u00bbdefault\u00a0\u00bb global_colors_info=\u00a0\u00bb{}\u00a0\u00bb][\/et_pb_gallery][\/et_pb_column][\/et_pb_row][\/et_pb_section]<\/p>\n","protected":false},"excerpt":{"rendered":"<p>Semaine du dharma avec Jigm\u00e9 Rinpoch\u00e9 31 a\u00f4ut au 4 septembre 2025 | M\u00e4nnedorf-Z\u00fcrich \u00a0 Pour la deuxi\u00e8me fois d\u00e9j\u00e0, nous avons eu le privil\u00e8ge d&rsquo;accueillir Lama Jigm\u00e9 Rinpoch\u00e9 pendant toute une semaine \u00e0 l&rsquo;occasion de notre grand \u00e9v\u00e9nement annuel. Le week-end, il a donn\u00e9 l&rsquo;initiation \u00e0 \u00ab Manjushri sur le lion \u00bb et \u00e0 [&hellip;]<\/p>\n","protected":false},"author":1,"featured_media":0,"parent":0,"menu_order":0,"comment_status":"closed","ping_status":"closed","template":"","meta":{"_et_pb_use_builder":"on","_et_pb_old_content":"","_et_gb_content_width":"","footnotes":""},"class_list":["post-37565","page","type-page","status-publish","hentry"],"_links":{"self":[{"href":"https:\/\/dhagpo-switzerland.ch\/fr\/wp-json\/wp\/v2\/pages\/37565","targetHints":{"allow":["GET"]}}],"collection":[{"href":"https:\/\/dhagpo-switzerland.ch\/fr\/wp-json\/wp\/v2\/pages"}],"about":[{"href":"https:\/\/dhagpo-switzerland.ch\/fr\/wp-json\/wp\/v2\/types\/page"}],"author":[{"embeddable":true,"href":"https:\/\/dhagpo-switzerland.ch\/fr\/wp-json\/wp\/v2\/users\/1"}],"replies":[{"embeddable":true,"href":"https:\/\/dhagpo-switzerland.ch\/fr\/wp-json\/wp\/v2\/comments?post=37565"}],"version-history":[{"count":10,"href":"https:\/\/dhagpo-switzerland.ch\/fr\/wp-json\/wp\/v2\/pages\/37565\/revisions"}],"predecessor-version":[{"id":37848,"href":"https:\/\/dhagpo-switzerland.ch\/fr\/wp-json\/wp\/v2\/pages\/37565\/revisions\/37848"}],"wp:attachment":[{"href":"https:\/\/dhagpo-switzerland.ch\/fr\/wp-json\/wp\/v2\/media?parent=37565"}],"curies":[{"name":"wp","href":"https:\/\/api.w.org\/{rel}","templated":true}]}}